{"id":12,"date":"2024-02-06T14:41:13","date_gmt":"2024-02-06T13:41:13","guid":{"rendered":"http:\/\/192.168.0.19\/?page_id=12"},"modified":"2024-04-04T13:07:16","modified_gmt":"2024-04-04T11:07:16","slug":"acceuil","status":"publish","type":"page","link":"https:\/\/nellykinesiologie.fr\/","title":{"rendered":""},"content":{"rendered":"\t\t<div data-elementor-type=\"wp-page\" data-elementor-id=\"12\" class=\"elementor elementor-12\">\n\t\t\t\t<div class=\"elementor-element elementor-element-a054453 e-flex e-con-boxed e-con e-parent\" data-id=\"a054453\" data-element_type=\"container\" data-e-type=\"container\">\n\t\t\t\t\t<div class=\"e-con-inner\">\n\t\t\t\t<div class=\"elementor-element elementor-element-7e6194d elementor-widget elementor-widget-heading\" data-id=\"7e6194d\" data-element_type=\"widget\" data-e-type=\"widget\" data-widget_type=\"heading.default\">\n\t\t\t\t<div class=\"elementor-widget-container\">\n\t\t\t\t\t<h2 class=\"elementor-heading-title elementor-size-default\">D\u00e9couvrez votre plein potentiel avec la kin\u00e9siologie.\nLib\u00e9rez votre corps, apaisez votre esprit, vivez pleinement !\n\n\n\n<\/h2>\t\t\t\t<\/div>\n\t\t\t\t<\/div>\n\t\t\t\t<div class=\"elementor-element elementor-element-fbd65ae elementor-widget elementor-widget-image\" data-id=\"fbd65ae\" data-element_type=\"widget\" data-e-type=\"widget\" data-widget_type=\"image.default\">\n\t\t\t\t<div class=\"elementor-widget-container\">\n\t\t\t\t\t\t\t\t\t\t\t\t\t\t\t<img decoding=\"async\" src=\"https:\/\/nellykinesiologie.fr\/wp-content\/uploads\/elementor\/thumbs\/6-qvw7js7r22photmw8zj884huhknfycfn0x337bmnpk.png\" title=\"6\" alt=\"6\" loading=\"lazy\" \/>\t\t\t\t\t\t\t\t\t\t\t\t\t\t\t<\/div>\n\t\t\t\t<\/div>\n\t\t\t\t\t<\/div>\n\t\t\t\t<\/div>\n\t\t<div class=\"elementor-element elementor-element-700956e e-flex e-con-boxed e-con e-parent\" data-id=\"700956e\" data-element_type=\"container\" data-e-type=\"container\">\n\t\t\t\t\t<div class=\"e-con-inner\">\n\t\t\t\t<div class=\"elementor-element elementor-element-2ddc559 elementor-widget elementor-widget-text-editor\" data-id=\"2ddc559\" data-element_type=\"widget\" data-e-type=\"widget\" data-widget_type=\"text-editor.default\">\n\t\t\t\t<div class=\"elementor-widget-container\">\n\t\t\t\t\t\t\t\t\t<p>\u00ab\u00a0La <strong>kin\u00e9siologie<\/strong> est une pratique professionnelle destin\u00e9e \u00e0 favoriser un \u00e9tat d&rsquo;\u00e9quilibre et de bien-\u00eatre physique, mental et social. Elle propose diff\u00e9rentes techniques qui utilisent de fa\u00e7on informative la r\u00e9action musculaire au stress.\u00a0\u00bb<\/p>\t\t\t\t\t\t\t\t<\/div>\n\t\t\t\t<\/div>\n\t\t\t\t\t<\/div>\n\t\t\t\t<\/div>\n\t\t<div class=\"elementor-element elementor-element-eddf87d e-flex e-con-boxed e-con e-parent\" data-id=\"eddf87d\" data-element_type=\"container\" data-e-type=\"container\">\n\t\t\t\t\t<div class=\"e-con-inner\">\n\t\t\t\t<div class=\"elementor-element elementor-element-1f9b6de elementor-widget__width-initial elementor-widget elementor-widget-text-editor\" data-id=\"1f9b6de\" data-element_type=\"widget\" data-e-type=\"widget\" data-widget_type=\"text-editor.default\">\n\t\t\t\t<div class=\"elementor-widget-container\">\n\t\t\t\t\t\t\t\t\t<p>D\u00e9finition de la FFK<\/p><p>F\u00e9d\u00e9ration Fran\u00e7aise de Kin\u00e9siologie<\/p>\t\t\t\t\t\t\t\t<\/div>\n\t\t\t\t<\/div>\n\t\t\t\t\t<\/div>\n\t\t\t\t<\/div>\n\t\t\t\t<\/div>\n\t\t","protected":false},"excerpt":{"rendered":"<p>D\u00e9couvrez votre plein potentiel avec la kin\u00e9siologie. Lib\u00e9rez votre corps, apaisez votre esprit, vivez pleinement ! \u00ab\u00a0La kin\u00e9siologie est une pratique professionnelle destin\u00e9e \u00e0 favoriser un \u00e9tat d&rsquo;\u00e9quilibre et de bien-\u00eatre physique, mental et social. Elle propose diff\u00e9rentes techniques qui utilisent de fa\u00e7on informative la r\u00e9action musculaire au stress.\u00a0\u00bb D\u00e9finition de la FFK F\u00e9d\u00e9ration Fran\u00e7aise [&hellip;]<\/p>\n","protected":false},"author":1,"featured_media":0,"parent":0,"menu_order":0,"comment_status":"closed","ping_status":"closed","template":"","meta":{"ocean_post_layout":"","ocean_both_sidebars_style":"","ocean_both_sidebars_content_width":0,"ocean_both_sidebars_sidebars_width":0,"ocean_sidebar":"","ocean_second_sidebar":"","ocean_disable_margins":"enable","ocean_add_body_class":"","ocean_shortcode_before_top_bar":"","ocean_shortcode_after_top_bar":"","ocean_shortcode_before_header":"","ocean_shortcode_after_header":"","ocean_has_shortcode":"","ocean_shortcode_after_title":"","ocean_shortcode_before_footer_widgets":"","ocean_shortcode_after_footer_widgets":"","ocean_shortcode_before_footer_bottom":"","ocean_shortcode_after_footer_bottom":"","ocean_display_top_bar":"default","ocean_display_header":"default","ocean_header_style":"","ocean_center_header_left_menu":"","ocean_custom_header_template":"","ocean_custom_logo":0,"ocean_custom_retina_logo":0,"ocean_custom_logo_max_width":0,"ocean_custom_logo_tablet_max_width":0,"ocean_custom_logo_mobile_max_width":0,"ocean_custom_logo_max_height":0,"ocean_custom_logo_tablet_max_height":0,"ocean_custom_logo_mobile_max_height":0,"ocean_header_custom_menu":"","ocean_menu_typo_font_family":"","ocean_menu_typo_font_subset":"","ocean_menu_typo_font_size":0,"ocean_menu_typo_font_size_tablet":0,"ocean_menu_typo_font_size_mobile":0,"ocean_menu_typo_font_size_unit":"px","ocean_menu_typo_font_weight":"","ocean_menu_typo_font_weight_tablet":"","ocean_menu_typo_font_weight_mobile":"","ocean_menu_typo_transform":"","ocean_menu_typo_transform_tablet":"","ocean_menu_typo_transform_mobile":"","ocean_menu_typo_line_height":0,"ocean_menu_typo_line_height_tablet":0,"ocean_menu_typo_line_height_mobile":0,"ocean_menu_typo_line_height_unit":"","ocean_menu_typo_spacing":0,"ocean_menu_typo_spacing_tablet":0,"ocean_menu_typo_spacing_mobile":0,"ocean_menu_typo_spacing_unit":"","ocean_menu_link_color":"","ocean_menu_link_color_hover":"","ocean_menu_link_color_active":"","ocean_menu_link_background":"","ocean_menu_link_hover_background":"","ocean_menu_link_active_background":"","ocean_menu_social_links_bg":"","ocean_menu_social_hover_links_bg":"","ocean_menu_social_links_color":"","ocean_menu_social_hover_links_color":"","ocean_disable_title":"default","ocean_disable_heading":"default","ocean_post_title":"","ocean_post_subheading":"","ocean_post_title_style":"","ocean_post_title_background_color":"","ocean_post_title_background":0,"ocean_post_title_bg_image_position":"","ocean_post_title_bg_image_attachment":"","ocean_post_title_bg_image_repeat":"","ocean_post_title_bg_image_size":"","ocean_post_title_height":0,"ocean_post_title_bg_overlay":0.5,"ocean_post_title_bg_overlay_color":"","ocean_disable_breadcrumbs":"default","ocean_breadcrumbs_color":"","ocean_breadcrumbs_separator_color":"","ocean_breadcrumbs_links_color":"","ocean_breadcrumbs_links_hover_color":"","ocean_display_footer_widgets":"default","ocean_display_footer_bottom":"default","ocean_custom_footer_template":"","footnotes":""},"class_list":["post-12","page","type-page","status-publish","hentry","entry"],"yoast_head":"<!-- This site is optimized with the Yoast SEO plugin v27.5 - https:\/\/yoast.com\/product\/yoast-seo-wordpress\/ -->\n<title>Cabinet de Kin\u00e9siologie<\/title>\n<meta name=\"description\" content=\"Cliquez ici pour nous d\u00e9couvrir\" \/>\n<meta name=\"robots\" content=\"index, follow, max-snippet:-1, max-image-preview:large, max-video-preview:-1\" \/>\n<link rel=\"canonical\" href=\"https:\/\/nellykinesiologie.fr\/\" \/>\n<meta property=\"og:locale\" content=\"fr_FR\" \/>\n<meta property=\"og:type\" content=\"article\" \/>\n<meta property=\"og:title\" content=\"Cabinet de Kin\u00e9siologie\" \/>\n<meta property=\"og:description\" content=\"Cliquez ici pour nous d\u00e9couvrir\" \/>\n<meta property=\"og:url\" content=\"https:\/\/nellykinesiologie.fr\/\" \/>\n<meta property=\"og:site_name\" content=\"Nelly Prevot Kin&eacute;siologue\" \/>\n<meta property=\"article:modified_time\" content=\"2024-04-04T11:07:16+00:00\" \/>\n<meta property=\"og:image\" content=\"https:\/\/nellykinesiologie.fr\/wp-content\/uploads\/elementor\/thumbs\/6-qm630qb5tlaoozscrwsn45fcdazcn1kg2bx03wmpvs.png\" \/>\n<meta name=\"twitter:card\" content=\"summary_large_image\" \/>\n<meta name=\"twitter:label1\" content=\"Dur\u00e9e de lecture estim\u00e9e\" \/>\n\t<meta name=\"twitter:data1\" content=\"1 minute\" \/>\n<script type=\"application\/ld+json\" class=\"yoast-schema-graph\">{\"@context\":\"https:\\\/\\\/schema.org\",\"@graph\":[{\"@type\":\"WebPage\",\"@id\":\"https:\\\/\\\/nellykinesiologie.fr\\\/\",\"url\":\"https:\\\/\\\/nellykinesiologie.fr\\\/\",\"name\":\"Cabinet de Kin\u00e9siologie\",\"isPartOf\":{\"@id\":\"https:\\\/\\\/nellykinesiologie.fr\\\/#website\"},\"primaryImageOfPage\":{\"@id\":\"https:\\\/\\\/nellykinesiologie.fr\\\/#primaryimage\"},\"image\":{\"@id\":\"https:\\\/\\\/nellykinesiologie.fr\\\/#primaryimage\"},\"thumbnailUrl\":\"https:\\\/\\\/nellykinesiologie.fr\\\/wp-content\\\/uploads\\\/elementor\\\/thumbs\\\/6-qm630qb5tlaoozscrwsn45fcdazcn1kg2bx03wmpvs.png\",\"datePublished\":\"2024-02-06T13:41:13+00:00\",\"dateModified\":\"2024-04-04T11:07:16+00:00\",\"description\":\"Cliquez ici pour nous d\u00e9couvrir\",\"inLanguage\":\"fr-FR\",\"potentialAction\":[{\"@type\":\"ReadAction\",\"target\":[\"https:\\\/\\\/nellykinesiologie.fr\\\/\"]}]},{\"@type\":\"ImageObject\",\"inLanguage\":\"fr-FR\",\"@id\":\"https:\\\/\\\/nellykinesiologie.fr\\\/#primaryimage\",\"url\":\"https:\\\/\\\/nellykinesiologie.fr\\\/wp-content\\\/uploads\\\/elementor\\\/thumbs\\\/6-qm630qb5tlaoozscrwsn45fcdazcn1kg2bx03wmpvs.png\",\"contentUrl\":\"https:\\\/\\\/nellykinesiologie.fr\\\/wp-content\\\/uploads\\\/elementor\\\/thumbs\\\/6-qm630qb5tlaoozscrwsn45fcdazcn1kg2bx03wmpvs.png\"},{\"@type\":\"WebSite\",\"@id\":\"https:\\\/\\\/nellykinesiologie.fr\\\/#website\",\"url\":\"https:\\\/\\\/nellykinesiologie.fr\\\/\",\"name\":\"Nelly Prevot Kin&eacute;siologue\",\"description\":\"Sant&eacute; et bien &ecirc;tre au quotidien\",\"publisher\":{\"@id\":\"https:\\\/\\\/nellykinesiologie.fr\\\/#organization\"},\"potentialAction\":[{\"@type\":\"SearchAction\",\"target\":{\"@type\":\"EntryPoint\",\"urlTemplate\":\"https:\\\/\\\/nellykinesiologie.fr\\\/?s={search_term_string}\"},\"query-input\":{\"@type\":\"PropertyValueSpecification\",\"valueRequired\":true,\"valueName\":\"search_term_string\"}}],\"inLanguage\":\"fr-FR\"},{\"@type\":\"Organization\",\"@id\":\"https:\\\/\\\/nellykinesiologie.fr\\\/#organization\",\"name\":\"Nelly Prevot Kin&eacute;siologue\",\"url\":\"https:\\\/\\\/nellykinesiologie.fr\\\/\",\"logo\":{\"@type\":\"ImageObject\",\"inLanguage\":\"fr-FR\",\"@id\":\"https:\\\/\\\/nellykinesiologie.fr\\\/#\\\/schema\\\/logo\\\/image\\\/\",\"url\":\"https:\\\/\\\/nellykinesiologie.fr\\\/wp-content\\\/uploads\\\/2024\\\/03\\\/cropped-cropped-logo_nelly-1.jpg\",\"contentUrl\":\"https:\\\/\\\/nellykinesiologie.fr\\\/wp-content\\\/uploads\\\/2024\\\/03\\\/cropped-cropped-logo_nelly-1.jpg\",\"width\":606,\"height\":516,\"caption\":\"Nelly Prevot Kin&eacute;siologue\"},\"image\":{\"@id\":\"https:\\\/\\\/nellykinesiologie.fr\\\/#\\\/schema\\\/logo\\\/image\\\/\"}}]}<\/script>\n<!-- \/ Yoast SEO plugin. -->","yoast_head_json":{"title":"Cabinet de Kin\u00e9siologie","description":"Cliquez ici pour nous d\u00e9couvrir","robots":{"index":"index","follow":"follow","max-snippet":"max-snippet:-1","max-image-preview":"max-image-preview:large","max-video-preview":"max-video-preview:-1"},"canonical":"https:\/\/nellykinesiologie.fr\/","og_locale":"fr_FR","og_type":"article","og_title":"Cabinet de Kin\u00e9siologie","og_description":"Cliquez ici pour nous d\u00e9couvrir","og_url":"https:\/\/nellykinesiologie.fr\/","og_site_name":"Nelly Prevot Kin&eacute;siologue","article_modified_time":"2024-04-04T11:07:16+00:00","og_image":[{"url":"https:\/\/nellykinesiologie.fr\/wp-content\/uploads\/elementor\/thumbs\/6-qm630qb5tlaoozscrwsn45fcdazcn1kg2bx03wmpvs.png","type":"","width":"","height":""}],"twitter_card":"summary_large_image","twitter_misc":{"Dur\u00e9e de lecture estim\u00e9e":"1 minute"},"schema":{"@context":"https:\/\/schema.org","@graph":[{"@type":"WebPage","@id":"https:\/\/nellykinesiologie.fr\/","url":"https:\/\/nellykinesiologie.fr\/","name":"Cabinet de Kin\u00e9siologie","isPartOf":{"@id":"https:\/\/nellykinesiologie.fr\/#website"},"primaryImageOfPage":{"@id":"https:\/\/nellykinesiologie.fr\/#primaryimage"},"image":{"@id":"https:\/\/nellykinesiologie.fr\/#primaryimage"},"thumbnailUrl":"https:\/\/nellykinesiologie.fr\/wp-content\/uploads\/elementor\/thumbs\/6-qm630qb5tlaoozscrwsn45fcdazcn1kg2bx03wmpvs.png","datePublished":"2024-02-06T13:41:13+00:00","dateModified":"2024-04-04T11:07:16+00:00","description":"Cliquez ici pour nous d\u00e9couvrir","inLanguage":"fr-FR","potentialAction":[{"@type":"ReadAction","target":["https:\/\/nellykinesiologie.fr\/"]}]},{"@type":"ImageObject","inLanguage":"fr-FR","@id":"https:\/\/nellykinesiologie.fr\/#primaryimage","url":"https:\/\/nellykinesiologie.fr\/wp-content\/uploads\/elementor\/thumbs\/6-qm630qb5tlaoozscrwsn45fcdazcn1kg2bx03wmpvs.png","contentUrl":"https:\/\/nellykinesiologie.fr\/wp-content\/uploads\/elementor\/thumbs\/6-qm630qb5tlaoozscrwsn45fcdazcn1kg2bx03wmpvs.png"},{"@type":"WebSite","@id":"https:\/\/nellykinesiologie.fr\/#website","url":"https:\/\/nellykinesiologie.fr\/","name":"Nelly Prevot Kin&eacute;siologue","description":"Sant&eacute; et bien &ecirc;tre au quotidien","publisher":{"@id":"https:\/\/nellykinesiologie.fr\/#organization"},"potentialAction":[{"@type":"SearchAction","target":{"@type":"EntryPoint","urlTemplate":"https:\/\/nellykinesiologie.fr\/?s={search_term_string}"},"query-input":{"@type":"PropertyValueSpecification","valueRequired":true,"valueName":"search_term_string"}}],"inLanguage":"fr-FR"},{"@type":"Organization","@id":"https:\/\/nellykinesiologie.fr\/#organization","name":"Nelly Prevot Kin&eacute;siologue","url":"https:\/\/nellykinesiologie.fr\/","logo":{"@type":"ImageObject","inLanguage":"fr-FR","@id":"https:\/\/nellykinesiologie.fr\/#\/schema\/logo\/image\/","url":"https:\/\/nellykinesiologie.fr\/wp-content\/uploads\/2024\/03\/cropped-cropped-logo_nelly-1.jpg","contentUrl":"https:\/\/nellykinesiologie.fr\/wp-content\/uploads\/2024\/03\/cropped-cropped-logo_nelly-1.jpg","width":606,"height":516,"caption":"Nelly Prevot Kin&eacute;siologue"},"image":{"@id":"https:\/\/nellykinesiologie.fr\/#\/schema\/logo\/image\/"}}]}},"_links":{"self":[{"href":"https:\/\/nellykinesiologie.fr\/index.php\/wp-json\/wp\/v2\/pages\/12","targetHints":{"allow":["GET"]}}],"collection":[{"href":"https:\/\/nellykinesiologie.fr\/index.php\/wp-json\/wp\/v2\/pages"}],"about":[{"href":"https:\/\/nellykinesiologie.fr\/index.php\/wp-json\/wp\/v2\/types\/page"}],"author":[{"embeddable":true,"href":"https:\/\/nellykinesiologie.fr\/index.php\/wp-json\/wp\/v2\/users\/1"}],"replies":[{"embeddable":true,"href":"https:\/\/nellykinesiologie.fr\/index.php\/wp-json\/wp\/v2\/comments?post=12"}],"version-history":[{"count":145,"href":"https:\/\/nellykinesiologie.fr\/index.php\/wp-json\/wp\/v2\/pages\/12\/revisions"}],"predecessor-version":[{"id":876,"href":"https:\/\/nellykinesiologie.fr\/index.php\/wp-json\/wp\/v2\/pages\/12\/revisions\/876"}],"wp:attachment":[{"href":"https:\/\/nellykinesiologie.fr\/index.php\/wp-json\/wp\/v2\/media?parent=12"}],"curies":[{"name":"wp","href":"https:\/\/api.w.org\/{rel}","templated":true}]}}