{"id":158,"date":"2024-02-09T15:29:38","date_gmt":"2024-02-09T14:29:38","guid":{"rendered":"http:\/\/192.168.0.19\/?page_id=158"},"modified":"2024-03-20T10:48:29","modified_gmt":"2024-03-20T09:48:29","slug":"informations-legales","status":"publish","type":"page","link":"https:\/\/nellykinesiologie.fr\/index.php\/informations-legales\/","title":{"rendered":"Informations l\u00e9gales"},"content":{"rendered":"\t\t<div data-elementor-type=\"wp-page\" data-elementor-id=\"158\" class=\"elementor elementor-158\">\n\t\t\t\t<div class=\"elementor-element elementor-element-cdfafb9 e-flex e-con-boxed e-con e-parent\" data-id=\"cdfafb9\" data-element_type=\"container\" data-e-type=\"container\">\n\t\t\t\t\t<div class=\"e-con-inner\">\n\t\t\t\t<div class=\"elementor-element elementor-element-54ffb9f elementor-widget elementor-widget-text-editor\" data-id=\"54ffb9f\" data-element_type=\"widget\" data-e-type=\"widget\" data-widget_type=\"text-editor.default\">\n\t\t\t\t<div class=\"elementor-widget-container\">\n\t\t\t\t\t\t\t\t\t<p>Mentions l\u00e9gales<\/p><p><br><\/p><p>En vigueur au 01\/04\/2024<\/p><p><span style=\"font-size: 20px; color: var( --e-global-color-text ); text-align: var(--text-align);\">Conform\u00e9ment aux dispositions des Articles 6-III et 19 de la Loi n\u00b02004-575 du 21 juin 2004 pour la Confiance dans l\u2019\u00e9conomie num\u00e9rique, dite L.C.E.N., il est port\u00e9 \u00e0 la connaissance des utilisateurs et visiteurs, ci-apr\u00e8s l'\u00a0\u00bbUtilisateur\u00a0\u00bb, du site nellykinesiologie.fr , ci-apr\u00e8s le \u00ab\u00a0Site\u00a0\u00bb, les pr\u00e9sentes mentions l\u00e9gales.<\/span><br><\/p><p><span style=\"font-size: 20px; color: var( --e-global-color-text ); text-align: var(--text-align);\">La connexion et la navigation sur le Site par l\u2019Utilisateur implique acceptation int\u00e9grale et sans r\u00e9serve des pr\u00e9sentes mentions l\u00e9gales.&nbsp;<\/span><span style=\"color: var( --e-global-color-text ); font-size: 20px; text-align: var(--text-align);\">Ces derni\u00e8res sont accessibles sur le Site \u00e0 la rubrique \u00ab Mentions l\u00e9gales \u00bb.<\/span><\/p><p><br><\/p><p>ARTICLE 1 &#8211; L&rsquo;EDITEUR<\/p><p><span style=\"font-size: 20px; color: var( --e-global-color-text ); text-align: var(--text-align);\">L&rsquo;\u00e9dition du Site est assur\u00e9e par IONOS SARL au capital de 47783800 euros, immatricul\u00e9e au Registre du Commerce et des Soci\u00e9t\u00e9s de SARREGUEMINES sous le num\u00e9ro 431303775 dont le si\u00e8ge social est situ\u00e9 au 7 PL DE LA GARE 57200 SARREGUEMINES,&nbsp;<\/span><br><\/p><p>Num\u00e9ro de t\u00e9l\u00e9phone 0970808911,&nbsp;<\/p><p>Adresse e-mail : info@ionos.fr.<\/p><p>N\u00b0 de TVA intracommunautaire : FR13431303775<\/p><p>Le Directeur de la publication est Britta SCHMIDT<\/p><p>ci-apr\u00e8s l'\u00a0\u00bbEditeur\u00a0\u00bb.<\/p><p><br><\/p><p>ARTICLE 2 &#8211; L&rsquo;HEBERGEUR<\/p><p><span style=\"font-size: 20px; color: var( --e-global-color-text ); text-align: var(--text-align);\">L&rsquo;h\u00e9bergeur du Site est la soci\u00e9t\u00e9 IONOS, dont le si\u00e8ge social est situ\u00e9 au 7 PL DE LA GARE 57200 SARREGUEMINES , avec le num\u00e9ro de t\u00e9l\u00e9phone : 0970808911 info@ionos.fr<\/span><br><\/p><p><br><\/p><p>ARTICLE 3 &#8211; ACCES AU SITE<\/p><p><span style=\"font-size: 20px; color: var( --e-global-color-text ); text-align: var(--text-align);\">Le Site est accessible en tout endroit, 7j\/7, 24h\/24 sauf cas de force majeure, interruption programm\u00e9e ou non et pouvant d\u00e9coulant d\u2019une n\u00e9cessit\u00e9 de maintenance.<\/span><br><\/p><p><span style=\"font-size: 20px; color: var( --e-global-color-text ); text-align: var(--text-align);\">En cas de modification, interruption ou suspension du Site, l&rsquo;Editeur ne saurait \u00eatre tenu responsable.<\/span><br><\/p><p><br><\/p><p>ARTICLE 4 &#8211; COLLECTE DES DONNEES<\/p><p><span style=\"font-size: 20px; color: var( --e-global-color-text ); text-align: var(--text-align);\">Le Site assure \u00e0 l&rsquo;Utilisateur une collecte et un traitement d&rsquo;informations personnelles dans le respect de la vie priv\u00e9e conform\u00e9ment \u00e0 la loi n\u00b078-17 du 6 janvier 1978 relative \u00e0 l&rsquo;informatique, aux fichiers et aux libert\u00e9s.&nbsp;<\/span><br><\/p><p><span style=\"font-size: 20px; color: var( --e-global-color-text ); text-align: var(--text-align);\">En vertu de la loi Informatique et Libert\u00e9s, en date du 6 janvier 1978, l&rsquo;Utilisateur dispose d&rsquo;un droit d&rsquo;acc\u00e8s, de rectification, de suppression et d&rsquo;opposition de ses donn\u00e9es personnelles. L&rsquo;Utilisateur exerce ce droit :&nbsp;<\/span><span style=\"font-size: 20px; color: var( --e-global-color-text ); text-align: var(--text-align);\">par mail \u00e0 l&rsquo;adresse email alacec31@gmail.com\ufeff<\/span><\/p><p>&nbsp;<span style=\"font-size: 20px; color: var( --e-global-color-text ); text-align: var(--text-align);\">Toute utilisation, reproduction, diffusion, commercialisation, modification de toute ou partie du Site\ufeff, sans autorisation de l\u2019Editeur est prohib\u00e9e et pourra entra\u00een\u00e9e des actions et poursuites judiciaires telles que notamment pr\u00e9vues par le Code de la propri\u00e9t\u00e9 intellectuelle et le Code civil.<\/span><\/p><p><br><\/p><p><span style=\"font-size: 20px; color: var( --e-global-color-text ); text-align: var(--text-align);\">R\u00e9dig\u00e9 sur http:\/\/legalplace.fr<\/span><br><\/p>\t\t\t\t\t\t\t\t<\/div>\n\t\t\t\t<\/div>\n\t\t\t\t\t<\/div>\n\t\t\t\t<\/div>\n\t\t\t\t<\/div>\n\t\t","protected":false},"excerpt":{"rendered":"<p>Mentions l\u00e9gales En vigueur au 01\/04\/2024 Conform\u00e9ment aux dispositions des Articles 6-III et 19 de la Loi n\u00b02004-575 du 21 juin 2004 pour la Confiance dans l\u2019\u00e9conomie num\u00e9rique, dite L.C.E.N., il est port\u00e9 \u00e0 la connaissance des utilisateurs et visiteurs, ci-apr\u00e8s l&rsquo;\u00a0\u00bbUtilisateur\u00a0\u00bb, du site nellykinesiologie.fr , ci-apr\u00e8s le \u00ab\u00a0Site\u00a0\u00bb, les pr\u00e9sentes mentions l\u00e9gales. La connexion [&hellip;]<\/p>\n","protected":false},"author":1,"featured_media":0,"parent":0,"menu_order":0,"comment_status":"closed","ping_status":"closed","template":"","meta":{"ocean_post_layout":"","ocean_both_sidebars_style":"","ocean_both_sidebars_content_width":0,"ocean_both_sidebars_sidebars_width":0,"ocean_sidebar":"","ocean_second_sidebar":"","ocean_disable_margins":"enable","ocean_add_body_class":"","ocean_shortcode_before_top_bar":"","ocean_shortcode_after_top_bar":"","ocean_shortcode_before_header":"","ocean_shortcode_after_header":"","ocean_has_shortcode":"","ocean_shortcode_after_title":"","ocean_shortcode_before_footer_widgets":"","ocean_shortcode_after_footer_widgets":"","ocean_shortcode_before_footer_bottom":"","ocean_shortcode_after_footer_bottom":"","ocean_display_top_bar":"default","ocean_display_header":"default","ocean_header_style":"","ocean_center_header_left_menu":"","ocean_custom_header_template":"","ocean_custom_logo":0,"ocean_custom_retina_logo":0,"ocean_custom_logo_max_width":0,"ocean_custom_logo_tablet_max_width":0,"ocean_custom_logo_mobile_max_width":0,"ocean_custom_logo_max_height":0,"ocean_custom_logo_tablet_max_height":0,"ocean_custom_logo_mobile_max_height":0,"ocean_header_custom_menu":"","ocean_menu_typo_font_family":"","ocean_menu_typo_font_subset":"","ocean_menu_typo_font_size":0,"ocean_menu_typo_font_size_tablet":0,"ocean_menu_typo_font_size_mobile":0,"ocean_menu_typo_font_size_unit":"px","ocean_menu_typo_font_weight":"","ocean_menu_typo_font_weight_tablet":"","ocean_menu_typo_font_weight_mobile":"","ocean_menu_typo_transform":"","ocean_menu_typo_transform_tablet":"","ocean_menu_typo_transform_mobile":"","ocean_menu_typo_line_height":0,"ocean_menu_typo_line_height_tablet":0,"ocean_menu_typo_line_height_mobile":0,"ocean_menu_typo_line_height_unit":"","ocean_menu_typo_spacing":0,"ocean_menu_typo_spacing_tablet":0,"ocean_menu_typo_spacing_mobile":0,"ocean_menu_typo_spacing_unit":"","ocean_menu_link_color":"","ocean_menu_link_color_hover":"","ocean_menu_link_color_active":"","ocean_menu_link_background":"","ocean_menu_link_hover_background":"","ocean_menu_link_active_background":"","ocean_menu_social_links_bg":"","ocean_menu_social_hover_links_bg":"","ocean_menu_social_links_color":"","ocean_menu_social_hover_links_color":"","ocean_disable_title":"default","ocean_disable_heading":"default","ocean_post_title":"","ocean_post_subheading":"","ocean_post_title_style":"","ocean_post_title_background_color":"","ocean_post_title_background":0,"ocean_post_title_bg_image_position":"","ocean_post_title_bg_image_attachment":"","ocean_post_title_bg_image_repeat":"","ocean_post_title_bg_image_size":"","ocean_post_title_height":0,"ocean_post_title_bg_overlay":0.5,"ocean_post_title_bg_overlay_color":"","ocean_disable_breadcrumbs":"default","ocean_breadcrumbs_color":"","ocean_breadcrumbs_separator_color":"","ocean_breadcrumbs_links_color":"","ocean_breadcrumbs_links_hover_color":"","ocean_display_footer_widgets":"default","ocean_display_footer_bottom":"default","ocean_custom_footer_template":"","footnotes":""},"class_list":["post-158","page","type-page","status-publish","hentry","entry"],"yoast_head":"<!-- This site is optimized with the Yoast SEO plugin v27.5 - https:\/\/yoast.com\/product\/yoast-seo-wordpress\/ -->\n<title>Informations l\u00e9gales - Nelly Prevot Kin&eacute;siologue<\/title>\n<meta name=\"robots\" content=\"index, follow, max-snippet:-1, max-image-preview:large, max-video-preview:-1\" \/>\n<link rel=\"canonical\" href=\"https:\/\/nellykinesiologie.fr\/index.php\/informations-legales\/\" \/>\n<meta property=\"og:locale\" content=\"fr_FR\" \/>\n<meta property=\"og:type\" content=\"article\" \/>\n<meta property=\"og:title\" content=\"Informations l\u00e9gales - Nelly Prevot Kin&eacute;siologue\" \/>\n<meta property=\"og:description\" content=\"Mentions l\u00e9gales En vigueur au 01\/04\/2024 Conform\u00e9ment aux dispositions des Articles 6-III et 19 de la Loi n\u00b02004-575 du 21 juin 2004 pour la Confiance dans l\u2019\u00e9conomie num\u00e9rique, dite L.C.E.N., il est port\u00e9 \u00e0 la connaissance des utilisateurs et visiteurs, ci-apr\u00e8s l&#039;\u00a0\u00bbUtilisateur\u00a0\u00bb, du site nellykinesiologie.fr , ci-apr\u00e8s le \u00ab\u00a0Site\u00a0\u00bb, les pr\u00e9sentes mentions l\u00e9gales. La connexion [&hellip;]\" \/>\n<meta property=\"og:url\" content=\"https:\/\/nellykinesiologie.fr\/index.php\/informations-legales\/\" \/>\n<meta property=\"og:site_name\" content=\"Nelly Prevot Kin&eacute;siologue\" \/>\n<meta property=\"article:modified_time\" content=\"2024-03-20T09:48:29+00:00\" \/>\n<meta name=\"twitter:card\" content=\"summary_large_image\" \/>\n<meta name=\"twitter:label1\" content=\"Dur\u00e9e de lecture estim\u00e9e\" \/>\n\t<meta name=\"twitter:data1\" content=\"2 minutes\" \/>\n<script type=\"application\/ld+json\" class=\"yoast-schema-graph\">{\"@context\":\"https:\\\/\\\/schema.org\",\"@graph\":[{\"@type\":\"WebPage\",\"@id\":\"https:\\\/\\\/nellykinesiologie.fr\\\/index.php\\\/informations-legales\\\/\",\"url\":\"https:\\\/\\\/nellykinesiologie.fr\\\/index.php\\\/informations-legales\\\/\",\"name\":\"Informations l\u00e9gales - Nelly Prevot Kin&eacute;siologue\",\"isPartOf\":{\"@id\":\"https:\\\/\\\/nellykinesiologie.fr\\\/#website\"},\"datePublished\":\"2024-02-09T14:29:38+00:00\",\"dateModified\":\"2024-03-20T09:48:29+00:00\",\"breadcrumb\":{\"@id\":\"https:\\\/\\\/nellykinesiologie.fr\\\/index.php\\\/informations-legales\\\/#breadcrumb\"},\"inLanguage\":\"fr-FR\",\"potentialAction\":[{\"@type\":\"ReadAction\",\"target\":[\"https:\\\/\\\/nellykinesiologie.fr\\\/index.php\\\/informations-legales\\\/\"]}]},{\"@type\":\"BreadcrumbList\",\"@id\":\"https:\\\/\\\/nellykinesiologie.fr\\\/index.php\\\/informations-legales\\\/#breadcrumb\",\"itemListElement\":[{\"@type\":\"ListItem\",\"position\":1,\"name\":\"Accueil\",\"item\":\"https:\\\/\\\/nellykinesiologie.fr\\\/\"},{\"@type\":\"ListItem\",\"position\":2,\"name\":\"Informations l\u00e9gales\"}]},{\"@type\":\"WebSite\",\"@id\":\"https:\\\/\\\/nellykinesiologie.fr\\\/#website\",\"url\":\"https:\\\/\\\/nellykinesiologie.fr\\\/\",\"name\":\"Nelly Prevot Kin&eacute;siologue\",\"description\":\"Sant&eacute; et bien &ecirc;tre au quotidien\",\"publisher\":{\"@id\":\"https:\\\/\\\/nellykinesiologie.fr\\\/#organization\"},\"potentialAction\":[{\"@type\":\"SearchAction\",\"target\":{\"@type\":\"EntryPoint\",\"urlTemplate\":\"https:\\\/\\\/nellykinesiologie.fr\\\/?s={search_term_string}\"},\"query-input\":{\"@type\":\"PropertyValueSpecification\",\"valueRequired\":true,\"valueName\":\"search_term_string\"}}],\"inLanguage\":\"fr-FR\"},{\"@type\":\"Organization\",\"@id\":\"https:\\\/\\\/nellykinesiologie.fr\\\/#organization\",\"name\":\"Nelly Prevot Kin&eacute;siologue\",\"url\":\"https:\\\/\\\/nellykinesiologie.fr\\\/\",\"logo\":{\"@type\":\"ImageObject\",\"inLanguage\":\"fr-FR\",\"@id\":\"https:\\\/\\\/nellykinesiologie.fr\\\/#\\\/schema\\\/logo\\\/image\\\/\",\"url\":\"https:\\\/\\\/nellykinesiologie.fr\\\/wp-content\\\/uploads\\\/2024\\\/03\\\/cropped-cropped-logo_nelly-1.jpg\",\"contentUrl\":\"https:\\\/\\\/nellykinesiologie.fr\\\/wp-content\\\/uploads\\\/2024\\\/03\\\/cropped-cropped-logo_nelly-1.jpg\",\"width\":606,\"height\":516,\"caption\":\"Nelly Prevot Kin&eacute;siologue\"},\"image\":{\"@id\":\"https:\\\/\\\/nellykinesiologie.fr\\\/#\\\/schema\\\/logo\\\/image\\\/\"}}]}<\/script>\n<!-- \/ Yoast SEO plugin. -->","yoast_head_json":{"title":"Informations l\u00e9gales - Nelly Prevot Kin&eacute;siologue","robots":{"index":"index","follow":"follow","max-snippet":"max-snippet:-1","max-image-preview":"max-image-preview:large","max-video-preview":"max-video-preview:-1"},"canonical":"https:\/\/nellykinesiologie.fr\/index.php\/informations-legales\/","og_locale":"fr_FR","og_type":"article","og_title":"Informations l\u00e9gales - Nelly Prevot Kin&eacute;siologue","og_description":"Mentions l\u00e9gales En vigueur au 01\/04\/2024 Conform\u00e9ment aux dispositions des Articles 6-III et 19 de la Loi n\u00b02004-575 du 21 juin 2004 pour la Confiance dans l\u2019\u00e9conomie num\u00e9rique, dite L.C.E.N., il est port\u00e9 \u00e0 la connaissance des utilisateurs et visiteurs, ci-apr\u00e8s l'\u00a0\u00bbUtilisateur\u00a0\u00bb, du site nellykinesiologie.fr , ci-apr\u00e8s le \u00ab\u00a0Site\u00a0\u00bb, les pr\u00e9sentes mentions l\u00e9gales. La connexion [&hellip;]","og_url":"https:\/\/nellykinesiologie.fr\/index.php\/informations-legales\/","og_site_name":"Nelly Prevot Kin&eacute;siologue","article_modified_time":"2024-03-20T09:48:29+00:00","twitter_card":"summary_large_image","twitter_misc":{"Dur\u00e9e de lecture estim\u00e9e":"2 minutes"},"schema":{"@context":"https:\/\/schema.org","@graph":[{"@type":"WebPage","@id":"https:\/\/nellykinesiologie.fr\/index.php\/informations-legales\/","url":"https:\/\/nellykinesiologie.fr\/index.php\/informations-legales\/","name":"Informations l\u00e9gales - Nelly Prevot Kin&eacute;siologue","isPartOf":{"@id":"https:\/\/nellykinesiologie.fr\/#website"},"datePublished":"2024-02-09T14:29:38+00:00","dateModified":"2024-03-20T09:48:29+00:00","breadcrumb":{"@id":"https:\/\/nellykinesiologie.fr\/index.php\/informations-legales\/#breadcrumb"},"inLanguage":"fr-FR","potentialAction":[{"@type":"ReadAction","target":["https:\/\/nellykinesiologie.fr\/index.php\/informations-legales\/"]}]},{"@type":"BreadcrumbList","@id":"https:\/\/nellykinesiologie.fr\/index.php\/informations-legales\/#breadcrumb","itemListElement":[{"@type":"ListItem","position":1,"name":"Accueil","item":"https:\/\/nellykinesiologie.fr\/"},{"@type":"ListItem","position":2,"name":"Informations l\u00e9gales"}]},{"@type":"WebSite","@id":"https:\/\/nellykinesiologie.fr\/#website","url":"https:\/\/nellykinesiologie.fr\/","name":"Nelly Prevot Kin&eacute;siologue","description":"Sant&eacute; et bien &ecirc;tre au quotidien","publisher":{"@id":"https:\/\/nellykinesiologie.fr\/#organization"},"potentialAction":[{"@type":"SearchAction","target":{"@type":"EntryPoint","urlTemplate":"https:\/\/nellykinesiologie.fr\/?s={search_term_string}"},"query-input":{"@type":"PropertyValueSpecification","valueRequired":true,"valueName":"search_term_string"}}],"inLanguage":"fr-FR"},{"@type":"Organization","@id":"https:\/\/nellykinesiologie.fr\/#organization","name":"Nelly Prevot Kin&eacute;siologue","url":"https:\/\/nellykinesiologie.fr\/","logo":{"@type":"ImageObject","inLanguage":"fr-FR","@id":"https:\/\/nellykinesiologie.fr\/#\/schema\/logo\/image\/","url":"https:\/\/nellykinesiologie.fr\/wp-content\/uploads\/2024\/03\/cropped-cropped-logo_nelly-1.jpg","contentUrl":"https:\/\/nellykinesiologie.fr\/wp-content\/uploads\/2024\/03\/cropped-cropped-logo_nelly-1.jpg","width":606,"height":516,"caption":"Nelly Prevot Kin&eacute;siologue"},"image":{"@id":"https:\/\/nellykinesiologie.fr\/#\/schema\/logo\/image\/"}}]}},"_links":{"self":[{"href":"https:\/\/nellykinesiologie.fr\/index.php\/wp-json\/wp\/v2\/pages\/158","targetHints":{"allow":["GET"]}}],"collection":[{"href":"https:\/\/nellykinesiologie.fr\/index.php\/wp-json\/wp\/v2\/pages"}],"about":[{"href":"https:\/\/nellykinesiologie.fr\/index.php\/wp-json\/wp\/v2\/types\/page"}],"author":[{"embeddable":true,"href":"https:\/\/nellykinesiologie.fr\/index.php\/wp-json\/wp\/v2\/users\/1"}],"replies":[{"embeddable":true,"href":"https:\/\/nellykinesiologie.fr\/index.php\/wp-json\/wp\/v2\/comments?post=158"}],"version-history":[{"count":16,"href":"https:\/\/nellykinesiologie.fr\/index.php\/wp-json\/wp\/v2\/pages\/158\/revisions"}],"predecessor-version":[{"id":781,"href":"https:\/\/nellykinesiologie.fr\/index.php\/wp-json\/wp\/v2\/pages\/158\/revisions\/781"}],"wp:attachment":[{"href":"https:\/\/nellykinesiologie.fr\/index.php\/wp-json\/wp\/v2\/media?parent=158"}],"curies":[{"name":"wp","href":"https:\/\/api.w.org\/{rel}","templated":true}]}}