{"id":17,"date":"2024-02-06T16:15:57","date_gmt":"2024-02-06T15:15:57","guid":{"rendered":"http:\/\/192.168.0.19\/?page_id=17"},"modified":"2024-04-03T19:14:04","modified_gmt":"2024-04-03T17:14:04","slug":"la-kinesiologie","status":"publish","type":"page","link":"https:\/\/nellykinesiologie.fr\/index.php\/la-kinesiologie\/","title":{"rendered":"La Kin\u00e9siologie"},"content":{"rendered":"\t\t<div data-elementor-type=\"wp-page\" data-elementor-id=\"17\" class=\"elementor elementor-17\">\n\t\t\t\t<div class=\"elementor-element elementor-element-5c16472 e-con-full e-flex e-con e-parent\" data-id=\"5c16472\" data-element_type=\"container\" data-e-type=\"container\">\n\t\t\t\t<div class=\"elementor-element elementor-element-00ba1b9 elementor-widget elementor-widget-text-editor\" data-id=\"00ba1b9\" data-element_type=\"widget\" data-e-type=\"widget\" data-widget_type=\"text-editor.default\">\n\t\t\t\t<div class=\"elementor-widget-container\">\n\t\t\t\t\t\t\t\t\t<p>La <strong>kin\u00e9siologie<\/strong> est une approche compl\u00e9mentaire et holistique, c&rsquo;est \u00e0 dire qui prend en compte le corps dans sa globalit\u00e9 : physique, mental et \u00e9nerg\u00e9tique.<\/p><p>Le kin\u00e9siologue utilise le test musculaire : il exerce une\u00a0 l\u00e9g\u00e8re pression sur le muscle afin de tester le tonus de celui-ci. Telle une boussole, le test musculaire aide le praticien \u00e0 sonder le corps \u00e0 la recherche de d\u00e9s\u00e9quilibres \u00e0 corriger.<\/p><p>A l\u2019aide de nombreux outils (<strong>m\u00e9decine traditionnelle<\/strong> <strong>chinoise<\/strong>, <strong>brain gym<\/strong>, chakras, <strong>r\u00e9flexes archa\u00efques<\/strong>, traits structures fonctions, les<strong> fleurs de Bach<\/strong>, les fleurs de P\u00e9r\u00e9landra, <strong>l\u2019analyse transactionnelle<\/strong>, \u2026\u2026.), la kin\u00e9siologie aide \u00e0 d\u00e9celer et corriger des blocages structurels, \u00e9motionnels et\/ou \u00e9nerg\u00e9tiques, afin de trouver l\u2019\u00e9quilibre.<\/p><p>Etymologiquement, la kin\u00e9siologie est l\u2019\u00e9tude du mouvement. Elle permet donc de \u201cbouger\u201d dans tous les sens du terme !<\/p><p>On peut consulter un kin\u00e9siologue pour diverses raisons :<\/p><ul><li>Difficult\u00e9s d\u2019apprentissage, de concentration,<\/li><li>Douleurs chroniques, blessures physiques et \u00e9motionnelles,<\/li><li>Migraines, Vertiges,<\/li><li>Douleurs menstruelles,<\/li><li>Stress, Angoisses,<\/li><li>Epuisement, Burn out,<\/li><li>Apprendre \u00e0 se conna\u00eetre, s\u2019aimer, s\u2019accepter,<\/li><li>Insatisfaction dus \u00e0 des sch\u00e9mas r\u00e9p\u00e9titifs,<\/li><li>Am\u00e9lioration des performances sportives,<\/li><li>Traumatismes,<\/li><li>Gestion des \u00e9motions,<\/li><li>Retrouver confiance en soi, aux autres,<\/li><li>Troubles du sommeil,<\/li><li>Traumatisme de la naissance,<\/li><li>Confiance en soi, Estime de soi,<\/li><li>Difficult\u00e9 \u00e0 prendre des d\u00e9cisions, faire des choix,<\/li><li>Atteindre ses objectifs (professionnel, personnel, &#8230;),<\/li><li>Troubles alimentaires,<\/li><li>Phobies, cauchemars,<\/li><li>Difficult\u00e9s d\u2019apprentissage,<\/li><li>Difficult\u00e9s scolaires,<\/li><li>Probl\u00e8mes de concentration, d\u2019organisation,<\/li><li>Troubles Dys (dyslexie, dysorthographie &#8230;),<\/li><li>D\u00e9pendances,<\/li><li>\u00c9v\u00e8nements marquants (s\u00e9paration, deuil, changement professionnel, pr\u00e9paration concours, examens, comp\u00e9titions sportives &#8230;)<\/li><\/ul>\t\t\t\t\t\t\t\t<\/div>\n\t\t\t\t<\/div>\n\t\t<div class=\"elementor-element elementor-element-e7a7cb2 e-con-full e-flex e-con e-child\" data-id=\"e7a7cb2\" data-element_type=\"container\" data-e-type=\"container\">\n\t\t\t\t<div class=\"elementor-element elementor-element-fa2e297 elementor-widget elementor-widget-image\" data-id=\"fa2e297\" data-element_type=\"widget\" data-e-type=\"widget\" data-widget_type=\"image.default\">\n\t\t\t\t<div class=\"elementor-widget-container\">\n\t\t\t\t\t\t\t\t\t\t\t\t\t\t\t<img fetchpriority=\"high\" decoding=\"async\" width=\"960\" height=\"1280\" src=\"https:\/\/nellykinesiologie.fr\/wp-content\/uploads\/2024\/03\/spring-2543862_1280.jpg\" class=\"attachment-full size-full wp-image-674\" alt=\"\" srcset=\"https:\/\/nellykinesiologie.fr\/wp-content\/uploads\/2024\/03\/spring-2543862_1280.jpg 960w, https:\/\/nellykinesiologie.fr\/wp-content\/uploads\/2024\/03\/spring-2543862_1280-225x300.jpg 225w, https:\/\/nellykinesiologie.fr\/wp-content\/uploads\/2024\/03\/spring-2543862_1280-768x1024.jpg 768w\" sizes=\"(max-width: 960px) 100vw, 960px\" \/>\t\t\t\t\t\t\t\t\t\t\t\t\t\t\t<\/div>\n\t\t\t\t<\/div>\n\t\t\t\t<\/div>\n\t\t\t\t<\/div>\n\t\t<div class=\"elementor-element elementor-element-015ce59 e-flex e-con-boxed e-con e-parent\" data-id=\"015ce59\" data-element_type=\"container\" data-e-type=\"container\">\n\t\t\t\t\t<div class=\"e-con-inner\">\n\t\t\t\t<div class=\"elementor-element elementor-element-d35e888 elementor-widget elementor-widget-spacer\" data-id=\"d35e888\" data-element_type=\"widget\" data-e-type=\"widget\" data-widget_type=\"spacer.default\">\n\t\t\t\t<div class=\"elementor-widget-container\">\n\t\t\t\t\t\t\t<div class=\"elementor-spacer\">\n\t\t\t<div class=\"elementor-spacer-inner\"><\/div>\n\t\t<\/div>\n\t\t\t\t\t\t<\/div>\n\t\t\t\t<\/div>\n\t\t\t\t<div class=\"elementor-element elementor-element-8c9e37f elementor-widget elementor-widget-spacer\" data-id=\"8c9e37f\" data-element_type=\"widget\" data-e-type=\"widget\" data-widget_type=\"spacer.default\">\n\t\t\t\t<div class=\"elementor-widget-container\">\n\t\t\t\t\t\t\t<div class=\"elementor-spacer\">\n\t\t\t<div class=\"elementor-spacer-inner\"><\/div>\n\t\t<\/div>\n\t\t\t\t\t\t<\/div>\n\t\t\t\t<\/div>\n\t\t\t\t\t<\/div>\n\t\t\t\t<\/div>\n\t\t<div class=\"elementor-element elementor-element-0805554 e-flex e-con-boxed e-con e-parent\" data-id=\"0805554\" data-element_type=\"container\" data-e-type=\"container\">\n\t\t\t\t\t<div class=\"e-con-inner\">\n\t\t\t\t<div class=\"elementor-element elementor-element-e187851 elementor-widget elementor-widget-spacer\" data-id=\"e187851\" data-element_type=\"widget\" data-e-type=\"widget\" data-widget_type=\"spacer.default\">\n\t\t\t\t<div class=\"elementor-widget-container\">\n\t\t\t\t\t\t\t<div class=\"elementor-spacer\">\n\t\t\t<div class=\"elementor-spacer-inner\"><\/div>\n\t\t<\/div>\n\t\t\t\t\t\t<\/div>\n\t\t\t\t<\/div>\n\t\t\t\t\t<\/div>\n\t\t\t\t<\/div>\n\t\t<div class=\"elementor-element elementor-element-73f8fa8 e-con-full e-flex e-con e-parent\" data-id=\"73f8fa8\" data-element_type=\"container\" data-e-type=\"container\">\n\t\t\t\t<div class=\"elementor-element elementor-element-faa40b8 elementor-widget elementor-widget-spacer\" data-id=\"faa40b8\" data-element_type=\"widget\" data-e-type=\"widget\" data-widget_type=\"spacer.default\">\n\t\t\t\t<div class=\"elementor-widget-container\">\n\t\t\t\t\t\t\t<div class=\"elementor-spacer\">\n\t\t\t<div class=\"elementor-spacer-inner\"><\/div>\n\t\t<\/div>\n\t\t\t\t\t\t<\/div>\n\t\t\t\t<\/div>\n\t\t\t\t<div class=\"elementor-element elementor-element-b3aa4fb elementor-widget elementor-widget-text-editor\" data-id=\"b3aa4fb\" data-element_type=\"widget\" data-e-type=\"widget\" data-widget_type=\"text-editor.default\">\n\t\t\t\t<div class=\"elementor-widget-container\">\n\t\t\t\t\t\t\t\t\t<p><strong>La kin\u00e9siologie ne se substitue pas \u00e0 la m\u00e9decine conventionnelle ni \u00e0 un traitement m\u00e9dical &#8211; Elle apporte une aide compl\u00e9mentaire.<\/strong><\/p>\t\t\t\t\t\t\t\t<\/div>\n\t\t\t\t<\/div>\n\t\t\t\t<\/div>\n\t\t<div class=\"elementor-element elementor-element-1afafcc e-con-full e-flex e-con e-parent\" data-id=\"1afafcc\" data-element_type=\"container\" data-e-type=\"container\">\n\t\t\t\t<div class=\"elementor-element elementor-element-1be46ec elementor-widget elementor-widget-text-editor\" data-id=\"1be46ec\" data-element_type=\"widget\" data-e-type=\"widget\" data-widget_type=\"text-editor.default\">\n\t\t\t\t<div class=\"elementor-widget-container\">\n\t\t\t\t\t\t\t\t\t<p>La Kin\u00e9siologie est une approche douce et respectueuse du consentement et du rythme de chacun. Cette m\u00e9thode s&rsquo;adresse donc \u00e0 tout le monde: B\u00e9b\u00e9s, Enfants, Adolescents, Adultes et S\u00e9niors. Mais \u00e9galement pour les couples ou pour un groupe (ex. \u00e9quipe sportive, entreprise&#8230;).<\/p>\t\t\t\t\t\t\t\t<\/div>\n\t\t\t\t<\/div>\n\t\t\t\t<\/div>\n\t\t\t\t<\/div>\n\t\t","protected":false},"excerpt":{"rendered":"<p>La kin\u00e9siologie est une approche compl\u00e9mentaire et holistique, c&rsquo;est \u00e0 dire qui prend en compte le corps dans sa globalit\u00e9 : physique, mental et \u00e9nerg\u00e9tique. Le kin\u00e9siologue utilise le test musculaire : il exerce une\u00a0 l\u00e9g\u00e8re pression sur le muscle afin de tester le tonus de celui-ci. Telle une boussole, le test musculaire aide le [&hellip;]<\/p>\n","protected":false},"author":1,"featured_media":0,"parent":0,"menu_order":0,"comment_status":"closed","ping_status":"closed","template":"","meta":{"ocean_post_layout":"","ocean_both_sidebars_style":"","ocean_both_sidebars_content_width":0,"ocean_both_sidebars_sidebars_width":0,"ocean_sidebar":"","ocean_second_sidebar":"","ocean_disable_margins":"enable","ocean_add_body_class":"","ocean_shortcode_before_top_bar":"","ocean_shortcode_after_top_bar":"","ocean_shortcode_before_header":"","ocean_shortcode_after_header":"","ocean_has_shortcode":"","ocean_shortcode_after_title":"","ocean_shortcode_before_footer_widgets":"","ocean_shortcode_after_footer_widgets":"","ocean_shortcode_before_footer_bottom":"","ocean_shortcode_after_footer_bottom":"","ocean_display_top_bar":"default","ocean_display_header":"default","ocean_header_style":"","ocean_center_header_left_menu":"","ocean_custom_header_template":"","ocean_custom_logo":0,"ocean_custom_retina_logo":0,"ocean_custom_logo_max_width":0,"ocean_custom_logo_tablet_max_width":0,"ocean_custom_logo_mobile_max_width":0,"ocean_custom_logo_max_height":0,"ocean_custom_logo_tablet_max_height":0,"ocean_custom_logo_mobile_max_height":0,"ocean_header_custom_menu":"","ocean_menu_typo_font_family":"","ocean_menu_typo_font_subset":"","ocean_menu_typo_font_size":0,"ocean_menu_typo_font_size_tablet":0,"ocean_menu_typo_font_size_mobile":0,"ocean_menu_typo_font_size_unit":"px","ocean_menu_typo_font_weight":"","ocean_menu_typo_font_weight_tablet":"","ocean_menu_typo_font_weight_mobile":"","ocean_menu_typo_transform":"","ocean_menu_typo_transform_tablet":"","ocean_menu_typo_transform_mobile":"","ocean_menu_typo_line_height":0,"ocean_menu_typo_line_height_tablet":0,"ocean_menu_typo_line_height_mobile":0,"ocean_menu_typo_line_height_unit":"","ocean_menu_typo_spacing":0,"ocean_menu_typo_spacing_tablet":0,"ocean_menu_typo_spacing_mobile":0,"ocean_menu_typo_spacing_unit":"","ocean_menu_link_color":"","ocean_menu_link_color_hover":"","ocean_menu_link_color_active":"","ocean_menu_link_background":"","ocean_menu_link_hover_background":"","ocean_menu_link_active_background":"","ocean_menu_social_links_bg":"","ocean_menu_social_hover_links_bg":"","ocean_menu_social_links_color":"","ocean_menu_social_hover_links_color":"","ocean_disable_title":"default","ocean_disable_heading":"default","ocean_post_title":"","ocean_post_subheading":"","ocean_post_title_style":"","ocean_post_title_background_color":"","ocean_post_title_background":0,"ocean_post_title_bg_image_position":"","ocean_post_title_bg_image_attachment":"","ocean_post_title_bg_image_repeat":"","ocean_post_title_bg_image_size":"","ocean_post_title_height":0,"ocean_post_title_bg_overlay":0.5,"ocean_post_title_bg_overlay_color":"","ocean_disable_breadcrumbs":"default","ocean_breadcrumbs_color":"","ocean_breadcrumbs_separator_color":"","ocean_breadcrumbs_links_color":"","ocean_breadcrumbs_links_hover_color":"","ocean_display_footer_widgets":"default","ocean_display_footer_bottom":"default","ocean_custom_footer_template":"","footnotes":""},"class_list":["post-17","page","type-page","status-publish","hentry","entry"],"yoast_head":"<!-- This site is optimized with the Yoast SEO plugin v27.5 - https:\/\/yoast.com\/product\/yoast-seo-wordpress\/ -->\n<title>La Kin\u00e9siologie - Nelly Prevot Kin&eacute;siologue<\/title>\n<meta name=\"robots\" content=\"index, follow, max-snippet:-1, max-image-preview:large, max-video-preview:-1\" \/>\n<link rel=\"canonical\" href=\"https:\/\/nellykinesiologie.fr\/index.php\/la-kinesiologie\/\" \/>\n<meta property=\"og:locale\" content=\"fr_FR\" \/>\n<meta property=\"og:type\" content=\"article\" \/>\n<meta property=\"og:title\" content=\"La Kin\u00e9siologie - Nelly Prevot Kin&eacute;siologue\" \/>\n<meta property=\"og:description\" content=\"La kin\u00e9siologie est une approche compl\u00e9mentaire et holistique, c&rsquo;est \u00e0 dire qui prend en compte le corps dans sa globalit\u00e9 : physique, mental et \u00e9nerg\u00e9tique. Le kin\u00e9siologue utilise le test musculaire : il exerce une\u00a0 l\u00e9g\u00e8re pression sur le muscle afin de tester le tonus de celui-ci. Telle une boussole, le test musculaire aide le [&hellip;]\" \/>\n<meta property=\"og:url\" content=\"https:\/\/nellykinesiologie.fr\/index.php\/la-kinesiologie\/\" \/>\n<meta property=\"og:site_name\" content=\"Nelly Prevot Kin&eacute;siologue\" \/>\n<meta property=\"article:modified_time\" content=\"2024-04-03T17:14:04+00:00\" \/>\n<meta property=\"og:image\" content=\"https:\/\/nellykinesiologie.fr\/wp-content\/uploads\/2024\/03\/spring-2543862_1280.jpg\" \/>\n<meta name=\"twitter:card\" content=\"summary_large_image\" \/>\n<meta name=\"twitter:label1\" content=\"Dur\u00e9e de lecture estim\u00e9e\" \/>\n\t<meta name=\"twitter:data1\" content=\"2 minutes\" \/>\n<script type=\"application\/ld+json\" class=\"yoast-schema-graph\">{\"@context\":\"https:\\\/\\\/schema.org\",\"@graph\":[{\"@type\":\"WebPage\",\"@id\":\"https:\\\/\\\/nellykinesiologie.fr\\\/index.php\\\/la-kinesiologie\\\/\",\"url\":\"https:\\\/\\\/nellykinesiologie.fr\\\/index.php\\\/la-kinesiologie\\\/\",\"name\":\"La Kin\u00e9siologie - Nelly Prevot Kin&eacute;siologue\",\"isPartOf\":{\"@id\":\"https:\\\/\\\/nellykinesiologie.fr\\\/#website\"},\"primaryImageOfPage\":{\"@id\":\"https:\\\/\\\/nellykinesiologie.fr\\\/index.php\\\/la-kinesiologie\\\/#primaryimage\"},\"image\":{\"@id\":\"https:\\\/\\\/nellykinesiologie.fr\\\/index.php\\\/la-kinesiologie\\\/#primaryimage\"},\"thumbnailUrl\":\"https:\\\/\\\/nellykinesiologie.fr\\\/wp-content\\\/uploads\\\/2024\\\/03\\\/spring-2543862_1280.jpg\",\"datePublished\":\"2024-02-06T15:15:57+00:00\",\"dateModified\":\"2024-04-03T17:14:04+00:00\",\"breadcrumb\":{\"@id\":\"https:\\\/\\\/nellykinesiologie.fr\\\/index.php\\\/la-kinesiologie\\\/#breadcrumb\"},\"inLanguage\":\"fr-FR\",\"potentialAction\":[{\"@type\":\"ReadAction\",\"target\":[\"https:\\\/\\\/nellykinesiologie.fr\\\/index.php\\\/la-kinesiologie\\\/\"]}]},{\"@type\":\"ImageObject\",\"inLanguage\":\"fr-FR\",\"@id\":\"https:\\\/\\\/nellykinesiologie.fr\\\/index.php\\\/la-kinesiologie\\\/#primaryimage\",\"url\":\"https:\\\/\\\/nellykinesiologie.fr\\\/wp-content\\\/uploads\\\/2024\\\/03\\\/spring-2543862_1280.jpg\",\"contentUrl\":\"https:\\\/\\\/nellykinesiologie.fr\\\/wp-content\\\/uploads\\\/2024\\\/03\\\/spring-2543862_1280.jpg\",\"width\":960,\"height\":1280},{\"@type\":\"BreadcrumbList\",\"@id\":\"https:\\\/\\\/nellykinesiologie.fr\\\/index.php\\\/la-kinesiologie\\\/#breadcrumb\",\"itemListElement\":[{\"@type\":\"ListItem\",\"position\":1,\"name\":\"Accueil\",\"item\":\"https:\\\/\\\/nellykinesiologie.fr\\\/\"},{\"@type\":\"ListItem\",\"position\":2,\"name\":\"La Kin\u00e9siologie\"}]},{\"@type\":\"WebSite\",\"@id\":\"https:\\\/\\\/nellykinesiologie.fr\\\/#website\",\"url\":\"https:\\\/\\\/nellykinesiologie.fr\\\/\",\"name\":\"Nelly Prevot Kin&eacute;siologue\",\"description\":\"Sant&eacute; et bien &ecirc;tre au quotidien\",\"publisher\":{\"@id\":\"https:\\\/\\\/nellykinesiologie.fr\\\/#organization\"},\"potentialAction\":[{\"@type\":\"SearchAction\",\"target\":{\"@type\":\"EntryPoint\",\"urlTemplate\":\"https:\\\/\\\/nellykinesiologie.fr\\\/?s={search_term_string}\"},\"query-input\":{\"@type\":\"PropertyValueSpecification\",\"valueRequired\":true,\"valueName\":\"search_term_string\"}}],\"inLanguage\":\"fr-FR\"},{\"@type\":\"Organization\",\"@id\":\"https:\\\/\\\/nellykinesiologie.fr\\\/#organization\",\"name\":\"Nelly Prevot Kin&eacute;siologue\",\"url\":\"https:\\\/\\\/nellykinesiologie.fr\\\/\",\"logo\":{\"@type\":\"ImageObject\",\"inLanguage\":\"fr-FR\",\"@id\":\"https:\\\/\\\/nellykinesiologie.fr\\\/#\\\/schema\\\/logo\\\/image\\\/\",\"url\":\"https:\\\/\\\/nellykinesiologie.fr\\\/wp-content\\\/uploads\\\/2024\\\/03\\\/cropped-cropped-logo_nelly-1.jpg\",\"contentUrl\":\"https:\\\/\\\/nellykinesiologie.fr\\\/wp-content\\\/uploads\\\/2024\\\/03\\\/cropped-cropped-logo_nelly-1.jpg\",\"width\":606,\"height\":516,\"caption\":\"Nelly Prevot Kin&eacute;siologue\"},\"image\":{\"@id\":\"https:\\\/\\\/nellykinesiologie.fr\\\/#\\\/schema\\\/logo\\\/image\\\/\"}}]}<\/script>\n<!-- \/ Yoast SEO plugin. -->","yoast_head_json":{"title":"La Kin\u00e9siologie - Nelly Prevot Kin&eacute;siologue","robots":{"index":"index","follow":"follow","max-snippet":"max-snippet:-1","max-image-preview":"max-image-preview:large","max-video-preview":"max-video-preview:-1"},"canonical":"https:\/\/nellykinesiologie.fr\/index.php\/la-kinesiologie\/","og_locale":"fr_FR","og_type":"article","og_title":"La Kin\u00e9siologie - Nelly Prevot Kin&eacute;siologue","og_description":"La kin\u00e9siologie est une approche compl\u00e9mentaire et holistique, c&rsquo;est \u00e0 dire qui prend en compte le corps dans sa globalit\u00e9 : physique, mental et \u00e9nerg\u00e9tique. Le kin\u00e9siologue utilise le test musculaire : il exerce une\u00a0 l\u00e9g\u00e8re pression sur le muscle afin de tester le tonus de celui-ci. Telle une boussole, le test musculaire aide le [&hellip;]","og_url":"https:\/\/nellykinesiologie.fr\/index.php\/la-kinesiologie\/","og_site_name":"Nelly Prevot Kin&eacute;siologue","article_modified_time":"2024-04-03T17:14:04+00:00","og_image":[{"url":"https:\/\/nellykinesiologie.fr\/wp-content\/uploads\/2024\/03\/spring-2543862_1280.jpg","type":"","width":"","height":""}],"twitter_card":"summary_large_image","twitter_misc":{"Dur\u00e9e de lecture estim\u00e9e":"2 minutes"},"schema":{"@context":"https:\/\/schema.org","@graph":[{"@type":"WebPage","@id":"https:\/\/nellykinesiologie.fr\/index.php\/la-kinesiologie\/","url":"https:\/\/nellykinesiologie.fr\/index.php\/la-kinesiologie\/","name":"La Kin\u00e9siologie - Nelly Prevot Kin&eacute;siologue","isPartOf":{"@id":"https:\/\/nellykinesiologie.fr\/#website"},"primaryImageOfPage":{"@id":"https:\/\/nellykinesiologie.fr\/index.php\/la-kinesiologie\/#primaryimage"},"image":{"@id":"https:\/\/nellykinesiologie.fr\/index.php\/la-kinesiologie\/#primaryimage"},"thumbnailUrl":"https:\/\/nellykinesiologie.fr\/wp-content\/uploads\/2024\/03\/spring-2543862_1280.jpg","datePublished":"2024-02-06T15:15:57+00:00","dateModified":"2024-04-03T17:14:04+00:00","breadcrumb":{"@id":"https:\/\/nellykinesiologie.fr\/index.php\/la-kinesiologie\/#breadcrumb"},"inLanguage":"fr-FR","potentialAction":[{"@type":"ReadAction","target":["https:\/\/nellykinesiologie.fr\/index.php\/la-kinesiologie\/"]}]},{"@type":"ImageObject","inLanguage":"fr-FR","@id":"https:\/\/nellykinesiologie.fr\/index.php\/la-kinesiologie\/#primaryimage","url":"https:\/\/nellykinesiologie.fr\/wp-content\/uploads\/2024\/03\/spring-2543862_1280.jpg","contentUrl":"https:\/\/nellykinesiologie.fr\/wp-content\/uploads\/2024\/03\/spring-2543862_1280.jpg","width":960,"height":1280},{"@type":"BreadcrumbList","@id":"https:\/\/nellykinesiologie.fr\/index.php\/la-kinesiologie\/#breadcrumb","itemListElement":[{"@type":"ListItem","position":1,"name":"Accueil","item":"https:\/\/nellykinesiologie.fr\/"},{"@type":"ListItem","position":2,"name":"La Kin\u00e9siologie"}]},{"@type":"WebSite","@id":"https:\/\/nellykinesiologie.fr\/#website","url":"https:\/\/nellykinesiologie.fr\/","name":"Nelly Prevot Kin&eacute;siologue","description":"Sant&eacute; et bien &ecirc;tre au quotidien","publisher":{"@id":"https:\/\/nellykinesiologie.fr\/#organization"},"potentialAction":[{"@type":"SearchAction","target":{"@type":"EntryPoint","urlTemplate":"https:\/\/nellykinesiologie.fr\/?s={search_term_string}"},"query-input":{"@type":"PropertyValueSpecification","valueRequired":true,"valueName":"search_term_string"}}],"inLanguage":"fr-FR"},{"@type":"Organization","@id":"https:\/\/nellykinesiologie.fr\/#organization","name":"Nelly Prevot Kin&eacute;siologue","url":"https:\/\/nellykinesiologie.fr\/","logo":{"@type":"ImageObject","inLanguage":"fr-FR","@id":"https:\/\/nellykinesiologie.fr\/#\/schema\/logo\/image\/","url":"https:\/\/nellykinesiologie.fr\/wp-content\/uploads\/2024\/03\/cropped-cropped-logo_nelly-1.jpg","contentUrl":"https:\/\/nellykinesiologie.fr\/wp-content\/uploads\/2024\/03\/cropped-cropped-logo_nelly-1.jpg","width":606,"height":516,"caption":"Nelly Prevot Kin&eacute;siologue"},"image":{"@id":"https:\/\/nellykinesiologie.fr\/#\/schema\/logo\/image\/"}}]}},"_links":{"self":[{"href":"https:\/\/nellykinesiologie.fr\/index.php\/wp-json\/wp\/v2\/pages\/17","targetHints":{"allow":["GET"]}}],"collection":[{"href":"https:\/\/nellykinesiologie.fr\/index.php\/wp-json\/wp\/v2\/pages"}],"about":[{"href":"https:\/\/nellykinesiologie.fr\/index.php\/wp-json\/wp\/v2\/types\/page"}],"author":[{"embeddable":true,"href":"https:\/\/nellykinesiologie.fr\/index.php\/wp-json\/wp\/v2\/users\/1"}],"replies":[{"embeddable":true,"href":"https:\/\/nellykinesiologie.fr\/index.php\/wp-json\/wp\/v2\/comments?post=17"}],"version-history":[{"count":114,"href":"https:\/\/nellykinesiologie.fr\/index.php\/wp-json\/wp\/v2\/pages\/17\/revisions"}],"predecessor-version":[{"id":866,"href":"https:\/\/nellykinesiologie.fr\/index.php\/wp-json\/wp\/v2\/pages\/17\/revisions\/866"}],"wp:attachment":[{"href":"https:\/\/nellykinesiologie.fr\/index.php\/wp-json\/wp\/v2\/media?parent=17"}],"curies":[{"name":"wp","href":"https:\/\/api.w.org\/{rel}","templated":true}]}}