{"id":21,"date":"2024-02-06T16:17:03","date_gmt":"2024-02-06T15:17:03","guid":{"rendered":"http:\/\/192.168.0.19\/?page_id=21"},"modified":"2025-02-28T17:41:14","modified_gmt":"2025-02-28T16:41:14","slug":"tarifs","status":"publish","type":"page","link":"https:\/\/nellykinesiologie.fr\/index.php\/tarifs\/","title":{"rendered":"Tarifs"},"content":{"rendered":"\t\t<div data-elementor-type=\"wp-page\" data-elementor-id=\"21\" class=\"elementor elementor-21\">\n\t\t\t\t<div class=\"elementor-element elementor-element-2c9f2f2 e-flex e-con-boxed e-con e-parent\" data-id=\"2c9f2f2\" data-element_type=\"container\" data-e-type=\"container\">\n\t\t\t\t\t<div class=\"e-con-inner\">\n\t\t\t\t<div class=\"elementor-element elementor-element-f2a4c13 elementor-widget elementor-widget-text-editor\" data-id=\"f2a4c13\" data-element_type=\"widget\" data-e-type=\"widget\" data-widget_type=\"text-editor.default\">\n\t\t\t\t<div class=\"elementor-widget-container\">\n\t\t\t\t\t\t\t\t\t<p><strong>Tarif : 60 \u20ac\u00a0\u00a0<\/strong><\/p>\t\t\t\t\t\t\t\t<\/div>\n\t\t\t\t<\/div>\n\t\t\t\t\t<\/div>\n\t\t\t\t<\/div>\n\t\t<div class=\"elementor-element elementor-element-1dd73af e-flex e-con-boxed e-con e-parent\" data-id=\"1dd73af\" data-element_type=\"container\" data-e-type=\"container\">\n\t\t\t\t\t<div class=\"e-con-inner\">\n\t\t\t\t<div class=\"elementor-element elementor-element-7b2a478 elementor-widget elementor-widget-text-editor\" data-id=\"7b2a478\" data-element_type=\"widget\" data-e-type=\"widget\" data-widget_type=\"text-editor.default\">\n\t\t\t\t<div class=\"elementor-widget-container\">\n\t\t\t\t\t\t\t\t\t<p>De plus en plus de mutuelles prennent en charge tout ou une partie du tarif de vos s\u00e9ances de kin\u00e9siologie, n\u2019h\u00e9sitez pas \u00e0 vous renseigner aupr\u00e8s de la v\u00f4tre et me demander une facture.<\/p>\t\t\t\t\t\t\t\t<\/div>\n\t\t\t\t<\/div>\n\t\t\t\t\t<\/div>\n\t\t\t\t<\/div>\n\t\t\t\t<\/div>\n\t\t","protected":false},"excerpt":{"rendered":"<p>Tarif : 60 \u20ac\u00a0\u00a0 De plus en plus de mutuelles prennent en charge tout ou une partie du tarif de vos s\u00e9ances de kin\u00e9siologie, n\u2019h\u00e9sitez pas \u00e0 vous renseigner aupr\u00e8s de la v\u00f4tre et me demander une facture.<\/p>\n","protected":false},"author":1,"featured_media":0,"parent":0,"menu_order":0,"comment_status":"closed","ping_status":"closed","template":"","meta":{"ocean_post_layout":"","ocean_both_sidebars_style":"","ocean_both_sidebars_content_width":0,"ocean_both_sidebars_sidebars_width":0,"ocean_sidebar":"","ocean_second_sidebar":"","ocean_disable_margins":"enable","ocean_add_body_class":"","ocean_shortcode_before_top_bar":"","ocean_shortcode_after_top_bar":"","ocean_shortcode_before_header":"","ocean_shortcode_after_header":"","ocean_has_shortcode":"","ocean_shortcode_after_title":"","ocean_shortcode_before_footer_widgets":"","ocean_shortcode_after_footer_widgets":"","ocean_shortcode_before_footer_bottom":"","ocean_shortcode_after_footer_bottom":"","ocean_display_top_bar":"default","ocean_display_header":"default","ocean_header_style":"","ocean_center_header_left_menu":"","ocean_custom_header_template":"","ocean_custom_logo":0,"ocean_custom_retina_logo":0,"ocean_custom_logo_max_width":0,"ocean_custom_logo_tablet_max_width":0,"ocean_custom_logo_mobile_max_width":0,"ocean_custom_logo_max_height":0,"ocean_custom_logo_tablet_max_height":0,"ocean_custom_logo_mobile_max_height":0,"ocean_header_custom_menu":"","ocean_menu_typo_font_family":"","ocean_menu_typo_font_subset":"","ocean_menu_typo_font_size":0,"ocean_menu_typo_font_size_tablet":0,"ocean_menu_typo_font_size_mobile":0,"ocean_menu_typo_font_size_unit":"px","ocean_menu_typo_font_weight":"","ocean_menu_typo_font_weight_tablet":"","ocean_menu_typo_font_weight_mobile":"","ocean_menu_typo_transform":"","ocean_menu_typo_transform_tablet":"","ocean_menu_typo_transform_mobile":"","ocean_menu_typo_line_height":0,"ocean_menu_typo_line_height_tablet":0,"ocean_menu_typo_line_height_mobile":0,"ocean_menu_typo_line_height_unit":"","ocean_menu_typo_spacing":0,"ocean_menu_typo_spacing_tablet":0,"ocean_menu_typo_spacing_mobile":0,"ocean_menu_typo_spacing_unit":"","ocean_menu_link_color":"","ocean_menu_link_color_hover":"","ocean_menu_link_color_active":"","ocean_menu_link_background":"","ocean_menu_link_hover_background":"","ocean_menu_link_active_background":"","ocean_menu_social_links_bg":"","ocean_menu_social_hover_links_bg":"","ocean_menu_social_links_color":"","ocean_menu_social_hover_links_color":"","ocean_disable_title":"default","ocean_disable_heading":"default","ocean_post_title":"","ocean_post_subheading":"","ocean_post_title_style":"","ocean_post_title_background_color":"","ocean_post_title_background":0,"ocean_post_title_bg_image_position":"","ocean_post_title_bg_image_attachment":"","ocean_post_title_bg_image_repeat":"","ocean_post_title_bg_image_size":"","ocean_post_title_height":0,"ocean_post_title_bg_overlay":0.5,"ocean_post_title_bg_overlay_color":"","ocean_disable_breadcrumbs":"default","ocean_breadcrumbs_color":"","ocean_breadcrumbs_separator_color":"","ocean_breadcrumbs_links_color":"","ocean_breadcrumbs_links_hover_color":"","ocean_display_footer_widgets":"default","ocean_display_footer_bottom":"default","ocean_custom_footer_template":"","footnotes":""},"class_list":["post-21","page","type-page","status-publish","hentry","entry"],"yoast_head":"<!-- This site is optimized with the Yoast SEO plugin v27.5 - https:\/\/yoast.com\/product\/yoast-seo-wordpress\/ -->\n<title>Tarifs - Nelly Prevot Kin&eacute;siologue<\/title>\n<meta name=\"robots\" content=\"index, follow, max-snippet:-1, max-image-preview:large, max-video-preview:-1\" \/>\n<link rel=\"canonical\" href=\"https:\/\/nellykinesiologie.fr\/index.php\/tarifs\/\" \/>\n<meta property=\"og:locale\" content=\"fr_FR\" \/>\n<meta property=\"og:type\" content=\"article\" \/>\n<meta property=\"og:title\" content=\"Tarifs - Nelly Prevot Kin&eacute;siologue\" \/>\n<meta property=\"og:description\" content=\"Tarif : 60 \u20ac\u00a0\u00a0 De plus en plus de mutuelles prennent en charge tout ou une partie du tarif de vos s\u00e9ances de kin\u00e9siologie, n\u2019h\u00e9sitez pas \u00e0 vous renseigner aupr\u00e8s de la v\u00f4tre et me demander une facture.\" \/>\n<meta property=\"og:url\" content=\"https:\/\/nellykinesiologie.fr\/index.php\/tarifs\/\" \/>\n<meta property=\"og:site_name\" content=\"Nelly Prevot Kin&eacute;siologue\" \/>\n<meta property=\"article:modified_time\" content=\"2025-02-28T16:41:14+00:00\" \/>\n<meta name=\"twitter:card\" content=\"summary_large_image\" \/>\n<meta name=\"twitter:label1\" content=\"Dur\u00e9e de lecture estim\u00e9e\" \/>\n\t<meta name=\"twitter:data1\" content=\"1 minute\" \/>\n<script type=\"application\/ld+json\" class=\"yoast-schema-graph\">{\"@context\":\"https:\\\/\\\/schema.org\",\"@graph\":[{\"@type\":\"WebPage\",\"@id\":\"https:\\\/\\\/nellykinesiologie.fr\\\/index.php\\\/tarifs\\\/\",\"url\":\"https:\\\/\\\/nellykinesiologie.fr\\\/index.php\\\/tarifs\\\/\",\"name\":\"Tarifs - Nelly Prevot Kin&eacute;siologue\",\"isPartOf\":{\"@id\":\"https:\\\/\\\/nellykinesiologie.fr\\\/#website\"},\"datePublished\":\"2024-02-06T15:17:03+00:00\",\"dateModified\":\"2025-02-28T16:41:14+00:00\",\"breadcrumb\":{\"@id\":\"https:\\\/\\\/nellykinesiologie.fr\\\/index.php\\\/tarifs\\\/#breadcrumb\"},\"inLanguage\":\"fr-FR\",\"potentialAction\":[{\"@type\":\"ReadAction\",\"target\":[\"https:\\\/\\\/nellykinesiologie.fr\\\/index.php\\\/tarifs\\\/\"]}]},{\"@type\":\"BreadcrumbList\",\"@id\":\"https:\\\/\\\/nellykinesiologie.fr\\\/index.php\\\/tarifs\\\/#breadcrumb\",\"itemListElement\":[{\"@type\":\"ListItem\",\"position\":1,\"name\":\"Accueil\",\"item\":\"https:\\\/\\\/nellykinesiologie.fr\\\/\"},{\"@type\":\"ListItem\",\"position\":2,\"name\":\"Tarifs\"}]},{\"@type\":\"WebSite\",\"@id\":\"https:\\\/\\\/nellykinesiologie.fr\\\/#website\",\"url\":\"https:\\\/\\\/nellykinesiologie.fr\\\/\",\"name\":\"Nelly Prevot Kin&eacute;siologue\",\"description\":\"Sant&eacute; et bien &ecirc;tre au quotidien\",\"publisher\":{\"@id\":\"https:\\\/\\\/nellykinesiologie.fr\\\/#organization\"},\"potentialAction\":[{\"@type\":\"SearchAction\",\"target\":{\"@type\":\"EntryPoint\",\"urlTemplate\":\"https:\\\/\\\/nellykinesiologie.fr\\\/?s={search_term_string}\"},\"query-input\":{\"@type\":\"PropertyValueSpecification\",\"valueRequired\":true,\"valueName\":\"search_term_string\"}}],\"inLanguage\":\"fr-FR\"},{\"@type\":\"Organization\",\"@id\":\"https:\\\/\\\/nellykinesiologie.fr\\\/#organization\",\"name\":\"Nelly Prevot Kin&eacute;siologue\",\"url\":\"https:\\\/\\\/nellykinesiologie.fr\\\/\",\"logo\":{\"@type\":\"ImageObject\",\"inLanguage\":\"fr-FR\",\"@id\":\"https:\\\/\\\/nellykinesiologie.fr\\\/#\\\/schema\\\/logo\\\/image\\\/\",\"url\":\"https:\\\/\\\/nellykinesiologie.fr\\\/wp-content\\\/uploads\\\/2024\\\/03\\\/cropped-cropped-logo_nelly-1.jpg\",\"contentUrl\":\"https:\\\/\\\/nellykinesiologie.fr\\\/wp-content\\\/uploads\\\/2024\\\/03\\\/cropped-cropped-logo_nelly-1.jpg\",\"width\":606,\"height\":516,\"caption\":\"Nelly Prevot Kin&eacute;siologue\"},\"image\":{\"@id\":\"https:\\\/\\\/nellykinesiologie.fr\\\/#\\\/schema\\\/logo\\\/image\\\/\"}}]}<\/script>\n<!-- \/ Yoast SEO plugin. -->","yoast_head_json":{"title":"Tarifs - Nelly Prevot Kin&eacute;siologue","robots":{"index":"index","follow":"follow","max-snippet":"max-snippet:-1","max-image-preview":"max-image-preview:large","max-video-preview":"max-video-preview:-1"},"canonical":"https:\/\/nellykinesiologie.fr\/index.php\/tarifs\/","og_locale":"fr_FR","og_type":"article","og_title":"Tarifs - Nelly Prevot Kin&eacute;siologue","og_description":"Tarif : 60 \u20ac\u00a0\u00a0 De plus en plus de mutuelles prennent en charge tout ou une partie du tarif de vos s\u00e9ances de kin\u00e9siologie, n\u2019h\u00e9sitez pas \u00e0 vous renseigner aupr\u00e8s de la v\u00f4tre et me demander une facture.","og_url":"https:\/\/nellykinesiologie.fr\/index.php\/tarifs\/","og_site_name":"Nelly Prevot Kin&eacute;siologue","article_modified_time":"2025-02-28T16:41:14+00:00","twitter_card":"summary_large_image","twitter_misc":{"Dur\u00e9e de lecture estim\u00e9e":"1 minute"},"schema":{"@context":"https:\/\/schema.org","@graph":[{"@type":"WebPage","@id":"https:\/\/nellykinesiologie.fr\/index.php\/tarifs\/","url":"https:\/\/nellykinesiologie.fr\/index.php\/tarifs\/","name":"Tarifs - Nelly Prevot Kin&eacute;siologue","isPartOf":{"@id":"https:\/\/nellykinesiologie.fr\/#website"},"datePublished":"2024-02-06T15:17:03+00:00","dateModified":"2025-02-28T16:41:14+00:00","breadcrumb":{"@id":"https:\/\/nellykinesiologie.fr\/index.php\/tarifs\/#breadcrumb"},"inLanguage":"fr-FR","potentialAction":[{"@type":"ReadAction","target":["https:\/\/nellykinesiologie.fr\/index.php\/tarifs\/"]}]},{"@type":"BreadcrumbList","@id":"https:\/\/nellykinesiologie.fr\/index.php\/tarifs\/#breadcrumb","itemListElement":[{"@type":"ListItem","position":1,"name":"Accueil","item":"https:\/\/nellykinesiologie.fr\/"},{"@type":"ListItem","position":2,"name":"Tarifs"}]},{"@type":"WebSite","@id":"https:\/\/nellykinesiologie.fr\/#website","url":"https:\/\/nellykinesiologie.fr\/","name":"Nelly Prevot Kin&eacute;siologue","description":"Sant&eacute; et bien &ecirc;tre au quotidien","publisher":{"@id":"https:\/\/nellykinesiologie.fr\/#organization"},"potentialAction":[{"@type":"SearchAction","target":{"@type":"EntryPoint","urlTemplate":"https:\/\/nellykinesiologie.fr\/?s={search_term_string}"},"query-input":{"@type":"PropertyValueSpecification","valueRequired":true,"valueName":"search_term_string"}}],"inLanguage":"fr-FR"},{"@type":"Organization","@id":"https:\/\/nellykinesiologie.fr\/#organization","name":"Nelly Prevot Kin&eacute;siologue","url":"https:\/\/nellykinesiologie.fr\/","logo":{"@type":"ImageObject","inLanguage":"fr-FR","@id":"https:\/\/nellykinesiologie.fr\/#\/schema\/logo\/image\/","url":"https:\/\/nellykinesiologie.fr\/wp-content\/uploads\/2024\/03\/cropped-cropped-logo_nelly-1.jpg","contentUrl":"https:\/\/nellykinesiologie.fr\/wp-content\/uploads\/2024\/03\/cropped-cropped-logo_nelly-1.jpg","width":606,"height":516,"caption":"Nelly Prevot Kin&eacute;siologue"},"image":{"@id":"https:\/\/nellykinesiologie.fr\/#\/schema\/logo\/image\/"}}]}},"_links":{"self":[{"href":"https:\/\/nellykinesiologie.fr\/index.php\/wp-json\/wp\/v2\/pages\/21","targetHints":{"allow":["GET"]}}],"collection":[{"href":"https:\/\/nellykinesiologie.fr\/index.php\/wp-json\/wp\/v2\/pages"}],"about":[{"href":"https:\/\/nellykinesiologie.fr\/index.php\/wp-json\/wp\/v2\/types\/page"}],"author":[{"embeddable":true,"href":"https:\/\/nellykinesiologie.fr\/index.php\/wp-json\/wp\/v2\/users\/1"}],"replies":[{"embeddable":true,"href":"https:\/\/nellykinesiologie.fr\/index.php\/wp-json\/wp\/v2\/comments?post=21"}],"version-history":[{"count":33,"href":"https:\/\/nellykinesiologie.fr\/index.php\/wp-json\/wp\/v2\/pages\/21\/revisions"}],"predecessor-version":[{"id":904,"href":"https:\/\/nellykinesiologie.fr\/index.php\/wp-json\/wp\/v2\/pages\/21\/revisions\/904"}],"wp:attachment":[{"href":"https:\/\/nellykinesiologie.fr\/index.php\/wp-json\/wp\/v2\/media?parent=21"}],"curies":[{"name":"wp","href":"https:\/\/api.w.org\/{rel}","templated":true}]}}