{"id":239,"date":"2024-03-08T12:32:03","date_gmt":"2024-03-08T11:32:03","guid":{"rendered":"http:\/\/192.168.0.19\/?page_id=239"},"modified":"2024-10-21T20:48:13","modified_gmt":"2024-10-21T18:48:13","slug":"seance","status":"publish","type":"page","link":"https:\/\/nellykinesiologie.fr\/index.php\/seance\/","title":{"rendered":"S\u00e9ance"},"content":{"rendered":"\t\t<div data-elementor-type=\"wp-page\" data-elementor-id=\"239\" class=\"elementor elementor-239\">\n\t\t\t\t<div class=\"elementor-element elementor-element-b7a9b08 e-flex e-con-boxed e-con e-parent\" data-id=\"b7a9b08\" data-element_type=\"container\" data-e-type=\"container\">\n\t\t\t\t\t<div class=\"e-con-inner\">\n\t\t\t\t<div class=\"elementor-element elementor-element-1961504 elementor-widget elementor-widget-text-editor\" data-id=\"1961504\" data-element_type=\"widget\" data-e-type=\"widget\" data-widget_type=\"text-editor.default\">\n\t\t\t\t<div class=\"elementor-widget-container\">\n\t\t\t\t\t\t\t\t\t<p>Une s\u00e9ance dure en moyenne 1 heure selon les besoins du corps.<\/p><p>Il est pr\u00e9f\u00e9rable de porter une tenue souple et d\u00e9contract\u00e9e.<\/p><p>La s\u00e9ance commence par un entretien qui permet de cerner la probl\u00e9matique et les attentes. Je r\u00e9alise ensuite les \u00e9quilibrations n\u00e9cessaires selon les besoins. Les protocoles utilis\u00e9s sont mis en lien avec votre objectif afin de vous aider dans votre prise de conscience. Je remonte ensuite \u00e0 la base de votre probl\u00e9matique pour apaiser le stress \u00e9motionnel. Pour finir, je contr\u00f4le que les changements sont bien ancr\u00e9s.<\/p><p>Vous repartirez g\u00e9n\u00e9ralement avec une fiole contenant les fleurs de Bach et\/ou de P\u00e9r\u00e9landra test\u00e9es durant la s\u00e9ance pour vous accompagner durant les 21 jours d&rsquo;int\u00e9gration de la s\u00e9ance.\u00a0<\/p><p>\u00a0<\/p>\t\t\t\t\t\t\t\t<\/div>\n\t\t\t\t<\/div>\n\t\t\t\t\t<\/div>\n\t\t\t\t<\/div>\n\t\t<div class=\"elementor-element elementor-element-efdb370 e-flex e-con-boxed e-con e-parent\" data-id=\"efdb370\" data-element_type=\"container\" data-e-type=\"container\">\n\t\t\t\t\t<div class=\"e-con-inner\">\n\t\t\t\t<div class=\"elementor-element elementor-element-64a1450 elementor-widget elementor-widget-image\" data-id=\"64a1450\" data-element_type=\"widget\" data-e-type=\"widget\" data-widget_type=\"image.default\">\n\t\t\t\t<div class=\"elementor-widget-container\">\n\t\t\t\t\t\t\t\t\t\t\t\t\t\t\t<img decoding=\"async\" src=\"https:\/\/nellykinesiologie.fr\/wp-content\/uploads\/elementor\/thumbs\/fleurs-de-bach-nelly-qvw7js7pu7x22th5u2o241nhg8ftal7x54hx1x5fog.jpg\" title=\"fleurs de bach nelly\" alt=\"fleurs de bach nelly\" loading=\"lazy\" \/>\t\t\t\t\t\t\t\t\t\t\t\t\t\t\t<\/div>\n\t\t\t\t<\/div>\n\t\t\t\t\t<\/div>\n\t\t\t\t<\/div>\n\t\t<div class=\"elementor-element elementor-element-6d90af8 e-flex e-con-boxed e-con e-parent\" data-id=\"6d90af8\" data-element_type=\"container\" data-e-type=\"container\">\n\t\t\t\t\t<div class=\"e-con-inner\">\n\t\t\t\t<div class=\"elementor-element elementor-element-ee3ac7e elementor-widget elementor-widget-text-editor\" data-id=\"ee3ac7e\" data-element_type=\"widget\" data-e-type=\"widget\" data-widget_type=\"text-editor.default\">\n\t\t\t\t<div class=\"elementor-widget-container\">\n\t\t\t\t\t\t\t\t\t<p>Il est souvent utile de r\u00e9aliser plusieurs s\u00e9ances selon la probl\u00e9matique, qui seront espac\u00e9es au minimum d\u2019un mois.<\/p>\n<p>Pour un suivi je recommande 4 \u00e0 8 semaines entre les s\u00e9ances.<\/p>\t\t\t\t\t\t\t\t<\/div>\n\t\t\t\t<\/div>\n\t\t\t\t\t<\/div>\n\t\t\t\t<\/div>\n\t\t<div class=\"elementor-element elementor-element-44ed3eb e-flex e-con-boxed e-con e-parent\" data-id=\"44ed3eb\" data-element_type=\"container\" data-e-type=\"container\">\n\t\t\t\t\t<div class=\"e-con-inner\">\n\t\t\t\t<div class=\"elementor-element elementor-element-2c4ba54 elementor-widget elementor-widget-spacer\" data-id=\"2c4ba54\" data-element_type=\"widget\" data-e-type=\"widget\" data-widget_type=\"spacer.default\">\n\t\t\t\t<div class=\"elementor-widget-container\">\n\t\t\t\t\t\t\t<div class=\"elementor-spacer\">\n\t\t\t<div class=\"elementor-spacer-inner\"><\/div>\n\t\t<\/div>\n\t\t\t\t\t\t<\/div>\n\t\t\t\t<\/div>\n\t\t\t\t<div class=\"elementor-element elementor-element-403afb6 elementor-widget elementor-widget-spacer\" data-id=\"403afb6\" data-element_type=\"widget\" data-e-type=\"widget\" data-widget_type=\"spacer.default\">\n\t\t\t\t<div class=\"elementor-widget-container\">\n\t\t\t\t\t\t\t<div class=\"elementor-spacer\">\n\t\t\t<div class=\"elementor-spacer-inner\"><\/div>\n\t\t<\/div>\n\t\t\t\t\t\t<\/div>\n\t\t\t\t<\/div>\n\t\t\t\t\t<\/div>\n\t\t\t\t<\/div>\n\t\t\t\t<\/div>\n\t\t","protected":false},"excerpt":{"rendered":"<p>Une s\u00e9ance dure en moyenne 1 heure selon les besoins du corps. Il est pr\u00e9f\u00e9rable de porter une tenue souple et d\u00e9contract\u00e9e. La s\u00e9ance commence par un entretien qui permet de cerner la probl\u00e9matique et les attentes. Je r\u00e9alise ensuite les \u00e9quilibrations n\u00e9cessaires selon les besoins. Les protocoles utilis\u00e9s sont mis en lien avec votre [&hellip;]<\/p>\n","protected":false},"author":1,"featured_media":0,"parent":0,"menu_order":0,"comment_status":"closed","ping_status":"closed","template":"","meta":{"ocean_post_layout":"","ocean_both_sidebars_style":"","ocean_both_sidebars_content_width":0,"ocean_both_sidebars_sidebars_width":0,"ocean_sidebar":"","ocean_second_sidebar":"","ocean_disable_margins":"enable","ocean_add_body_class":"","ocean_shortcode_before_top_bar":"","ocean_shortcode_after_top_bar":"","ocean_shortcode_before_header":"","ocean_shortcode_after_header":"","ocean_has_shortcode":"","ocean_shortcode_after_title":"","ocean_shortcode_before_footer_widgets":"","ocean_shortcode_after_footer_widgets":"","ocean_shortcode_before_footer_bottom":"","ocean_shortcode_after_footer_bottom":"","ocean_display_top_bar":"default","ocean_display_header":"default","ocean_header_style":"","ocean_center_header_left_menu":"","ocean_custom_header_template":"","ocean_custom_logo":0,"ocean_custom_retina_logo":0,"ocean_custom_logo_max_width":0,"ocean_custom_logo_tablet_max_width":0,"ocean_custom_logo_mobile_max_width":0,"ocean_custom_logo_max_height":0,"ocean_custom_logo_tablet_max_height":0,"ocean_custom_logo_mobile_max_height":0,"ocean_header_custom_menu":"","ocean_menu_typo_font_family":"","ocean_menu_typo_font_subset":"","ocean_menu_typo_font_size":0,"ocean_menu_typo_font_size_tablet":0,"ocean_menu_typo_font_size_mobile":0,"ocean_menu_typo_font_size_unit":"px","ocean_menu_typo_font_weight":"","ocean_menu_typo_font_weight_tablet":"","ocean_menu_typo_font_weight_mobile":"","ocean_menu_typo_transform":"","ocean_menu_typo_transform_tablet":"","ocean_menu_typo_transform_mobile":"","ocean_menu_typo_line_height":0,"ocean_menu_typo_line_height_tablet":0,"ocean_menu_typo_line_height_mobile":0,"ocean_menu_typo_line_height_unit":"","ocean_menu_typo_spacing":0,"ocean_menu_typo_spacing_tablet":0,"ocean_menu_typo_spacing_mobile":0,"ocean_menu_typo_spacing_unit":"","ocean_menu_link_color":"","ocean_menu_link_color_hover":"","ocean_menu_link_color_active":"","ocean_menu_link_background":"","ocean_menu_link_hover_background":"","ocean_menu_link_active_background":"","ocean_menu_social_links_bg":"","ocean_menu_social_hover_links_bg":"","ocean_menu_social_links_color":"","ocean_menu_social_hover_links_color":"","ocean_disable_title":"default","ocean_disable_heading":"default","ocean_post_title":"","ocean_post_subheading":"","ocean_post_title_style":"","ocean_post_title_background_color":"","ocean_post_title_background":0,"ocean_post_title_bg_image_position":"","ocean_post_title_bg_image_attachment":"","ocean_post_title_bg_image_repeat":"","ocean_post_title_bg_image_size":"","ocean_post_title_height":0,"ocean_post_title_bg_overlay":0.5,"ocean_post_title_bg_overlay_color":"","ocean_disable_breadcrumbs":"default","ocean_breadcrumbs_color":"","ocean_breadcrumbs_separator_color":"","ocean_breadcrumbs_links_color":"","ocean_breadcrumbs_links_hover_color":"","ocean_display_footer_widgets":"default","ocean_display_footer_bottom":"default","ocean_custom_footer_template":"","footnotes":""},"class_list":["post-239","page","type-page","status-publish","hentry","entry"],"yoast_head":"<!-- This site is optimized with the Yoast SEO plugin v27.5 - https:\/\/yoast.com\/product\/yoast-seo-wordpress\/ -->\n<title>S\u00e9ance - Nelly Prevot Kin&eacute;siologue<\/title>\n<meta name=\"robots\" content=\"index, follow, max-snippet:-1, max-image-preview:large, max-video-preview:-1\" \/>\n<link rel=\"canonical\" href=\"https:\/\/nellykinesiologie.fr\/index.php\/seance\/\" \/>\n<meta property=\"og:locale\" content=\"fr_FR\" \/>\n<meta property=\"og:type\" content=\"article\" \/>\n<meta property=\"og:title\" content=\"S\u00e9ance - Nelly Prevot Kin&eacute;siologue\" \/>\n<meta property=\"og:description\" content=\"Une s\u00e9ance dure en moyenne 1 heure selon les besoins du corps. Il est pr\u00e9f\u00e9rable de porter une tenue souple et d\u00e9contract\u00e9e. La s\u00e9ance commence par un entretien qui permet de cerner la probl\u00e9matique et les attentes. Je r\u00e9alise ensuite les \u00e9quilibrations n\u00e9cessaires selon les besoins. Les protocoles utilis\u00e9s sont mis en lien avec votre [&hellip;]\" \/>\n<meta property=\"og:url\" content=\"https:\/\/nellykinesiologie.fr\/index.php\/seance\/\" \/>\n<meta property=\"og:site_name\" content=\"Nelly Prevot Kin&eacute;siologue\" \/>\n<meta property=\"article:modified_time\" content=\"2024-10-21T18:48:13+00:00\" \/>\n<meta property=\"og:image\" content=\"https:\/\/nellykinesiologie.fr\/wp-content\/uploads\/elementor\/thumbs\/fleurs-de-bach-nelly-qvw7js7pu7x22th5u2o241nhg8ftal7x54hx1x5fog.jpg\" \/>\n<meta name=\"twitter:card\" content=\"summary_large_image\" \/>\n<meta name=\"twitter:label1\" content=\"Dur\u00e9e de lecture estim\u00e9e\" \/>\n\t<meta name=\"twitter:data1\" content=\"1 minute\" \/>\n<script type=\"application\/ld+json\" class=\"yoast-schema-graph\">{\"@context\":\"https:\\\/\\\/schema.org\",\"@graph\":[{\"@type\":\"WebPage\",\"@id\":\"https:\\\/\\\/nellykinesiologie.fr\\\/index.php\\\/seance\\\/\",\"url\":\"https:\\\/\\\/nellykinesiologie.fr\\\/index.php\\\/seance\\\/\",\"name\":\"S\u00e9ance - Nelly Prevot Kin&eacute;siologue\",\"isPartOf\":{\"@id\":\"https:\\\/\\\/nellykinesiologie.fr\\\/#website\"},\"primaryImageOfPage\":{\"@id\":\"https:\\\/\\\/nellykinesiologie.fr\\\/index.php\\\/seance\\\/#primaryimage\"},\"image\":{\"@id\":\"https:\\\/\\\/nellykinesiologie.fr\\\/index.php\\\/seance\\\/#primaryimage\"},\"thumbnailUrl\":\"https:\\\/\\\/nellykinesiologie.fr\\\/wp-content\\\/uploads\\\/elementor\\\/thumbs\\\/fleurs-de-bach-nelly-qvw7js7pu7x22th5u2o241nhg8ftal7x54hx1x5fog.jpg\",\"datePublished\":\"2024-03-08T11:32:03+00:00\",\"dateModified\":\"2024-10-21T18:48:13+00:00\",\"breadcrumb\":{\"@id\":\"https:\\\/\\\/nellykinesiologie.fr\\\/index.php\\\/seance\\\/#breadcrumb\"},\"inLanguage\":\"fr-FR\",\"potentialAction\":[{\"@type\":\"ReadAction\",\"target\":[\"https:\\\/\\\/nellykinesiologie.fr\\\/index.php\\\/seance\\\/\"]}]},{\"@type\":\"ImageObject\",\"inLanguage\":\"fr-FR\",\"@id\":\"https:\\\/\\\/nellykinesiologie.fr\\\/index.php\\\/seance\\\/#primaryimage\",\"url\":\"https:\\\/\\\/nellykinesiologie.fr\\\/wp-content\\\/uploads\\\/elementor\\\/thumbs\\\/fleurs-de-bach-nelly-qvw7js7pu7x22th5u2o241nhg8ftal7x54hx1x5fog.jpg\",\"contentUrl\":\"https:\\\/\\\/nellykinesiologie.fr\\\/wp-content\\\/uploads\\\/elementor\\\/thumbs\\\/fleurs-de-bach-nelly-qvw7js7pu7x22th5u2o241nhg8ftal7x54hx1x5fog.jpg\"},{\"@type\":\"BreadcrumbList\",\"@id\":\"https:\\\/\\\/nellykinesiologie.fr\\\/index.php\\\/seance\\\/#breadcrumb\",\"itemListElement\":[{\"@type\":\"ListItem\",\"position\":1,\"name\":\"Accueil\",\"item\":\"https:\\\/\\\/nellykinesiologie.fr\\\/\"},{\"@type\":\"ListItem\",\"position\":2,\"name\":\"S\u00e9ance\"}]},{\"@type\":\"WebSite\",\"@id\":\"https:\\\/\\\/nellykinesiologie.fr\\\/#website\",\"url\":\"https:\\\/\\\/nellykinesiologie.fr\\\/\",\"name\":\"Nelly Prevot Kin&eacute;siologue\",\"description\":\"Sant&eacute; et bien &ecirc;tre au quotidien\",\"publisher\":{\"@id\":\"https:\\\/\\\/nellykinesiologie.fr\\\/#organization\"},\"potentialAction\":[{\"@type\":\"SearchAction\",\"target\":{\"@type\":\"EntryPoint\",\"urlTemplate\":\"https:\\\/\\\/nellykinesiologie.fr\\\/?s={search_term_string}\"},\"query-input\":{\"@type\":\"PropertyValueSpecification\",\"valueRequired\":true,\"valueName\":\"search_term_string\"}}],\"inLanguage\":\"fr-FR\"},{\"@type\":\"Organization\",\"@id\":\"https:\\\/\\\/nellykinesiologie.fr\\\/#organization\",\"name\":\"Nelly Prevot Kin&eacute;siologue\",\"url\":\"https:\\\/\\\/nellykinesiologie.fr\\\/\",\"logo\":{\"@type\":\"ImageObject\",\"inLanguage\":\"fr-FR\",\"@id\":\"https:\\\/\\\/nellykinesiologie.fr\\\/#\\\/schema\\\/logo\\\/image\\\/\",\"url\":\"https:\\\/\\\/nellykinesiologie.fr\\\/wp-content\\\/uploads\\\/2024\\\/03\\\/cropped-cropped-logo_nelly-1.jpg\",\"contentUrl\":\"https:\\\/\\\/nellykinesiologie.fr\\\/wp-content\\\/uploads\\\/2024\\\/03\\\/cropped-cropped-logo_nelly-1.jpg\",\"width\":606,\"height\":516,\"caption\":\"Nelly Prevot Kin&eacute;siologue\"},\"image\":{\"@id\":\"https:\\\/\\\/nellykinesiologie.fr\\\/#\\\/schema\\\/logo\\\/image\\\/\"}}]}<\/script>\n<!-- \/ Yoast SEO plugin. -->","yoast_head_json":{"title":"S\u00e9ance - Nelly Prevot Kin&eacute;siologue","robots":{"index":"index","follow":"follow","max-snippet":"max-snippet:-1","max-image-preview":"max-image-preview:large","max-video-preview":"max-video-preview:-1"},"canonical":"https:\/\/nellykinesiologie.fr\/index.php\/seance\/","og_locale":"fr_FR","og_type":"article","og_title":"S\u00e9ance - Nelly Prevot Kin&eacute;siologue","og_description":"Une s\u00e9ance dure en moyenne 1 heure selon les besoins du corps. Il est pr\u00e9f\u00e9rable de porter une tenue souple et d\u00e9contract\u00e9e. La s\u00e9ance commence par un entretien qui permet de cerner la probl\u00e9matique et les attentes. Je r\u00e9alise ensuite les \u00e9quilibrations n\u00e9cessaires selon les besoins. Les protocoles utilis\u00e9s sont mis en lien avec votre [&hellip;]","og_url":"https:\/\/nellykinesiologie.fr\/index.php\/seance\/","og_site_name":"Nelly Prevot Kin&eacute;siologue","article_modified_time":"2024-10-21T18:48:13+00:00","og_image":[{"url":"https:\/\/nellykinesiologie.fr\/wp-content\/uploads\/elementor\/thumbs\/fleurs-de-bach-nelly-qvw7js7pu7x22th5u2o241nhg8ftal7x54hx1x5fog.jpg","type":"","width":"","height":""}],"twitter_card":"summary_large_image","twitter_misc":{"Dur\u00e9e de lecture estim\u00e9e":"1 minute"},"schema":{"@context":"https:\/\/schema.org","@graph":[{"@type":"WebPage","@id":"https:\/\/nellykinesiologie.fr\/index.php\/seance\/","url":"https:\/\/nellykinesiologie.fr\/index.php\/seance\/","name":"S\u00e9ance - Nelly Prevot Kin&eacute;siologue","isPartOf":{"@id":"https:\/\/nellykinesiologie.fr\/#website"},"primaryImageOfPage":{"@id":"https:\/\/nellykinesiologie.fr\/index.php\/seance\/#primaryimage"},"image":{"@id":"https:\/\/nellykinesiologie.fr\/index.php\/seance\/#primaryimage"},"thumbnailUrl":"https:\/\/nellykinesiologie.fr\/wp-content\/uploads\/elementor\/thumbs\/fleurs-de-bach-nelly-qvw7js7pu7x22th5u2o241nhg8ftal7x54hx1x5fog.jpg","datePublished":"2024-03-08T11:32:03+00:00","dateModified":"2024-10-21T18:48:13+00:00","breadcrumb":{"@id":"https:\/\/nellykinesiologie.fr\/index.php\/seance\/#breadcrumb"},"inLanguage":"fr-FR","potentialAction":[{"@type":"ReadAction","target":["https:\/\/nellykinesiologie.fr\/index.php\/seance\/"]}]},{"@type":"ImageObject","inLanguage":"fr-FR","@id":"https:\/\/nellykinesiologie.fr\/index.php\/seance\/#primaryimage","url":"https:\/\/nellykinesiologie.fr\/wp-content\/uploads\/elementor\/thumbs\/fleurs-de-bach-nelly-qvw7js7pu7x22th5u2o241nhg8ftal7x54hx1x5fog.jpg","contentUrl":"https:\/\/nellykinesiologie.fr\/wp-content\/uploads\/elementor\/thumbs\/fleurs-de-bach-nelly-qvw7js7pu7x22th5u2o241nhg8ftal7x54hx1x5fog.jpg"},{"@type":"BreadcrumbList","@id":"https:\/\/nellykinesiologie.fr\/index.php\/seance\/#breadcrumb","itemListElement":[{"@type":"ListItem","position":1,"name":"Accueil","item":"https:\/\/nellykinesiologie.fr\/"},{"@type":"ListItem","position":2,"name":"S\u00e9ance"}]},{"@type":"WebSite","@id":"https:\/\/nellykinesiologie.fr\/#website","url":"https:\/\/nellykinesiologie.fr\/","name":"Nelly Prevot Kin&eacute;siologue","description":"Sant&eacute; et bien &ecirc;tre au quotidien","publisher":{"@id":"https:\/\/nellykinesiologie.fr\/#organization"},"potentialAction":[{"@type":"SearchAction","target":{"@type":"EntryPoint","urlTemplate":"https:\/\/nellykinesiologie.fr\/?s={search_term_string}"},"query-input":{"@type":"PropertyValueSpecification","valueRequired":true,"valueName":"search_term_string"}}],"inLanguage":"fr-FR"},{"@type":"Organization","@id":"https:\/\/nellykinesiologie.fr\/#organization","name":"Nelly Prevot Kin&eacute;siologue","url":"https:\/\/nellykinesiologie.fr\/","logo":{"@type":"ImageObject","inLanguage":"fr-FR","@id":"https:\/\/nellykinesiologie.fr\/#\/schema\/logo\/image\/","url":"https:\/\/nellykinesiologie.fr\/wp-content\/uploads\/2024\/03\/cropped-cropped-logo_nelly-1.jpg","contentUrl":"https:\/\/nellykinesiologie.fr\/wp-content\/uploads\/2024\/03\/cropped-cropped-logo_nelly-1.jpg","width":606,"height":516,"caption":"Nelly Prevot Kin&eacute;siologue"},"image":{"@id":"https:\/\/nellykinesiologie.fr\/#\/schema\/logo\/image\/"}}]}},"_links":{"self":[{"href":"https:\/\/nellykinesiologie.fr\/index.php\/wp-json\/wp\/v2\/pages\/239","targetHints":{"allow":["GET"]}}],"collection":[{"href":"https:\/\/nellykinesiologie.fr\/index.php\/wp-json\/wp\/v2\/pages"}],"about":[{"href":"https:\/\/nellykinesiologie.fr\/index.php\/wp-json\/wp\/v2\/types\/page"}],"author":[{"embeddable":true,"href":"https:\/\/nellykinesiologie.fr\/index.php\/wp-json\/wp\/v2\/users\/1"}],"replies":[{"embeddable":true,"href":"https:\/\/nellykinesiologie.fr\/index.php\/wp-json\/wp\/v2\/comments?post=239"}],"version-history":[{"count":45,"href":"https:\/\/nellykinesiologie.fr\/index.php\/wp-json\/wp\/v2\/pages\/239\/revisions"}],"predecessor-version":[{"id":897,"href":"https:\/\/nellykinesiologie.fr\/index.php\/wp-json\/wp\/v2\/pages\/239\/revisions\/897"}],"wp:attachment":[{"href":"https:\/\/nellykinesiologie.fr\/index.php\/wp-json\/wp\/v2\/media?parent=239"}],"curies":[{"name":"wp","href":"https:\/\/api.w.org\/{rel}","templated":true}]}}