{"id":3,"date":"2024-02-05T18:10:02","date_gmt":"2024-02-05T17:10:02","guid":{"rendered":"http:\/\/192.168.0.19\/?page_id=3"},"modified":"2024-03-20T10:51:50","modified_gmt":"2024-03-20T09:51:50","slug":"politique-de-confidentialite","status":"publish","type":"page","link":"https:\/\/nellykinesiologie.fr\/index.php\/politique-de-confidentialite\/","title":{"rendered":"Politique de confidentialit\u00e9"},"content":{"rendered":"\t\t<div data-elementor-type=\"wp-page\" data-elementor-id=\"3\" class=\"elementor elementor-3\">\n\t\t\t\t<div class=\"elementor-element elementor-element-6fdbe7ac e-flex e-con-boxed e-con e-parent\" data-id=\"6fdbe7ac\" data-element_type=\"container\" data-e-type=\"container\">\n\t\t\t\t\t<div class=\"e-con-inner\">\n\t\t\t\t<div class=\"elementor-element elementor-element-78f242b8 elementor-widget elementor-widget-text-editor\" data-id=\"78f242b8\" data-element_type=\"widget\" data-e-type=\"widget\" data-widget_type=\"text-editor.default\">\n\t\t\t\t<div class=\"elementor-widget-container\">\n\t\t\t\t\t\t\t\t\t<h2>1 \u2013 \u00c9dition du site<\/h2>\n<p>En vertu de&nbsp;<a href=\"https:\/\/www.legifrance.gouv.fr\/affichTexte.do?cidTexte=JORFTEXT000000801164#LEGIARTI000042038977\" target=\"_blank\" rel=\"noreferrer noopener\">l\u2019article 6 de la loi n\u00b0 2004-575 du 21 juin 2004<\/a>&nbsp;pour la confiance dans l\u2019\u00e9conomie num\u00e9rique, il est pr\u00e9cis\u00e9 aux utilisateurs du site internet&nbsp;https:\/\/nellykinesiologie.fr l\u2019identit\u00e9 des diff\u00e9rents intervenants dans le cadre de sa r\u00e9alisation et de son suivi:<\/p>\n<p>Propri\u00e9taire du site : Nelly PREVOT EI\u2013 Contact : nelly.kinesiologie<span data-ref=\"e_mail_contact\" data-fallback=\"\">@gmail.com<\/span>&nbsp;<span data-ref=\"telephone\" data-fallback=\"\">0788539783<\/span>&nbsp;\u2013 Adresse : 56 chemin de sion<span data-ref=\"adresse_postale\" data-fallback=\"\">&nbsp;31450 Odars<\/span>.<\/p>\n<p>Identification de l\u2019entreprise :&nbsp;<span style=\"font-family: Roboto, sans-serif; font-size: 20px; font-style: normal; font-variant-ligatures: normal; font-variant-caps: normal; font-weight: 400;\">Nelly PREVOT EI<\/span>&nbsp;\u2013 SIREN : 983051251&nbsp; Adresse postale :&nbsp;<span data-ref=\"adresse_postale\" data-fallback=\"\">56 chemin de sion 31450 Odars.<\/span><\/p>\n<p>Directeur de la publication :&nbsp;<span data-ref=\"directeur_publication\" data-fallback=\"\">Alain Vidal<\/span>&nbsp;\u2013 Contact :&nbsp;<span data-ref=\"contact_directeur\" data-fallback=\"\">0789615619<\/span>.<\/p>\n<p>H\u00e9bergeur : IONOS 7 place de la Gare 57200 SARREGUEMINES<\/p>\n<p>D\u00e9l\u00e9gu\u00e9 \u00e0 la protection des donn\u00e9es :&nbsp;<span data-ref=\"dpo\" data-fallback=\"\">Alain Vidal<\/span>&nbsp;\u2013&nbsp;<span data-ref=\"contact_dpo\" data-fallback=\"\">avconcept31@gmail.com<\/span><\/p>\n<p>Autres contributeurs : non<\/p>\n<hr>\n<h2>2 \u2013 Propri\u00e9t\u00e9 intellectuelle et contrefa\u00e7ons.<\/h2>\n<p>Nelly PREVOT EI est propri\u00e9taire des droits de propri\u00e9t\u00e9 intellectuelle et d\u00e9tient les droits d\u2019usage sur tous les \u00e9l\u00e9ments accessibles sur le site internet, notamment les textes, images, graphismes, logos, vid\u00e9os, architecture, ic\u00f4nes et sons.<\/p>\n<p>Toute reproduction, repr\u00e9sentation, modification, publication, adaptation de tout ou partie des \u00e9l\u00e9ments du site, quel que soit le moyen ou le proc\u00e9d\u00e9 utilis\u00e9, est interdite, sauf autorisation \u00e9crite pr\u00e9alable de&nbsp;Nelly PREVOT EI.<\/p>\n<p>Toute exploitation non autoris\u00e9e du site ou de l\u2019un quelconque des \u00e9l\u00e9ments qu\u2019il contient sera consid\u00e9r\u00e9e comme constitutive d\u2019une contrefa\u00e7on et poursuivie conform\u00e9ment aux dispositions des articles&nbsp;<a href=\"https:\/\/www.legifrance.gouv.fr\/affichCodeArticle.do?idArticle=LEGIARTI000032655082&amp;cidTexte=LEGITEXT000006069414&amp;dateTexte=20160605\" target=\"_blank\" rel=\"noreferrer nofollow noopener\">L.335-2 et suivants du Code de Propri\u00e9t\u00e9 Intellectuelle<\/a>.<\/p>\n<hr>\n<h2>3 \u2013 Limitations de responsabilit\u00e9.<\/h2>\n<p>Nelly PREVOT EI ne pourra \u00eatre tenu pour responsable des dommages directs et indirects caus\u00e9s au mat\u00e9riel de l\u2019utilisateur, lors de l\u2019acc\u00e8s au site&nbsp;https:\/\/nellykinesiologie.fr.<\/p>\n<p><span style=\"font-family: Roboto, sans-serif; font-size: 20px; font-style: normal; font-variant-ligatures: normal; font-variant-caps: normal; font-weight: 400; color: var( --e-global-color-text ); text-align: var(--text-align);\">Nelly PREVOT EI&nbsp;<\/span>d\u00e9cline toute responsabilit\u00e9 quant \u00e0 l\u2019utilisation qui pourrait \u00eatre faite des informations et contenus pr\u00e9sents sur&nbsp;https:\/\/nellykinesiologie.fr.<\/p>\n<p><span style=\"font-family: Roboto, sans-serif; font-size: 20px; font-style: normal; font-variant-ligatures: normal; font-variant-caps: normal; font-weight: 400; color: var( --e-global-color-text ); text-align: var(--text-align);\">Nelly PREVOT EI<\/span>&nbsp;s\u2019engage \u00e0 s\u00e9curiser au mieux le site&nbsp;https:\/\/nellykinesiologie.fr, cependant sa responsabilit\u00e9 ne pourra \u00eatre mise en cause si des donn\u00e9es ind\u00e9sirables sont import\u00e9es et install\u00e9es sur son site \u00e0 son insu.<\/p>\n<p>Des espaces interactifs (espace contact ou commentaires) sont \u00e0 la disposition des utilisateurs.&nbsp;Nelly PREVOT EI se r\u00e9serve le droit de supprimer, sans mise en demeure pr\u00e9alable, tout contenu d\u00e9pos\u00e9 dans cet espace qui contreviendrait \u00e0 la l\u00e9gislation applicable en France, en particulier aux dispositions relatives \u00e0 la protection des donn\u00e9es.<\/p>\n<p>Le cas \u00e9ch\u00e9ant,&nbsp;<span style=\"font-family: Roboto, sans-serif; font-size: 20px; font-style: normal; font-variant-ligatures: normal; font-variant-caps: normal; font-weight: 400;\">Nelly PREVOT EI<\/span>&nbsp;se r\u00e9serve \u00e9galement la possibilit\u00e9 de mettre en cause la responsabilit\u00e9 civile et\/ou p\u00e9nale de l\u2019utilisateur, notamment en cas de message \u00e0 caract\u00e8re raciste, injurieux, diffamant, ou pornographique, quel que soit le support utilis\u00e9 (texte, photographie \u2026).<\/p>\n<hr>\n<h2>4 \u2013 CNIL et gestion des donn\u00e9es personnelles.<\/h2>\n<p>Conform\u00e9ment aux dispositions de&nbsp;<a href=\"https:\/\/www.legifrance.gouv.fr\/affichTexte.do?cidTexte=JORFTEXT000000886460\" target=\"_blank\" rel=\"noreferrer nofollow noopener\">la loi 78-17 du 6 janvier 1978 modifi\u00e9e<\/a>, l\u2019utilisateur du site&nbsp;https:\/\/nellykinesiologie.fr dispose d\u2019un droit d\u2019acc\u00e8s, de modification et de suppression des informations collect\u00e9es. Pour exercer ce droit, envoyez un message \u00e0 notre D\u00e9l\u00e9gu\u00e9 \u00e0 la Protection des Donn\u00e9es :&nbsp;Alain Vidal&nbsp;\u2013&nbsp;avconcept31@gmail.com.<\/p>\n<p>Pour plus d\u2019informations sur la fa\u00e7on dont nous traitons vos donn\u00e9es (type de donn\u00e9es, finalit\u00e9, destinataire\u2026), lisez notre&nbsp;https:\/\/nellykinesiologie.fr\/politique-confidentialite<\/p>\n<hr>\n<h2>5 \u2013 Liens hypertextes et cookies<\/h2>\n<p>Le site&nbsp;https:\/\/nellykinesiologie.fr ne contient pas de liens hypertextes vers d\u2019autres sites.<\/p>\n<p>La navigation sur le site&nbsp;https:\/\/nellykinesiologie.fr est susceptible de provoquer l\u2019installation de cookie(s) sur l\u2019ordinateur de l\u2019utilisateur.<\/p>\n<p>Un \u00ab&nbsp;cookie&nbsp;\u00bb est un fichier de petite taille qui enregistre des informations relatives \u00e0 la navigation d\u2019un utilisateur sur un site. Les donn\u00e9es ainsi obtenues permettent d\u2019obtenir des mesures de fr\u00e9quentation, par exemple.<\/p>\n<p>Vous avez la possibilit\u00e9&nbsp;d\u2019accepter ou de refuser les cookies&nbsp;en modifiant les param\u00e8tres de votre navigateur. Aucun cookie ne sera d\u00e9pos\u00e9 sans votre consentement.<\/p>\n<p>Les cookies sont enregistr\u00e9s pour une dur\u00e9e maximale de&nbsp;<span data-ref=\"cookies\" data-fallback=\"\">6<\/span>&nbsp;mois.<\/p>\n<p>Pour plus d\u2019informations sur la fa\u00e7on dont nous faisons usage des cookies, lisez notre&nbsp;https\/\/nellykinesiologie.fr\/index.php\/politique-de-confidentialite<\/p>\n<h2>6 \u2013 Droit applicable et attribution de juridiction.<\/h2>\n<p>Tout litige en relation avec l\u2019utilisation du site&nbsp;https:\/\/nellykinesiologie.fr est soumis au droit fran\u00e7ais. En dehors des cas o\u00f9 la loi ne le permet pas, il est fait attribution exclusive de juridiction aux tribunaux comp\u00e9tents de&nbsp;<b>Toulouse.<\/b><\/p>\t\t\t\t\t\t\t\t<\/div>\n\t\t\t\t<\/div>\n\t\t\t\t\t<\/div>\n\t\t\t\t<\/div>\n\t\t\t\t<\/div>\n\t\t","protected":false},"excerpt":{"rendered":"<p>1 \u2013 \u00c9dition du site En vertu de&nbsp;l\u2019article 6 de la loi n\u00b0 2004-575 du 21 juin 2004&nbsp;pour la confiance dans l\u2019\u00e9conomie num\u00e9rique, il est pr\u00e9cis\u00e9 aux utilisateurs du site internet&nbsp;https:\/\/nellykinesiologie.fr l\u2019identit\u00e9 des diff\u00e9rents intervenants dans le cadre de sa r\u00e9alisation et de son suivi: Propri\u00e9taire du site : Nelly PREVOT EI\u2013 Contact : nelly.kinesiologie@gmail.com&nbsp;0788539783&nbsp;\u2013 [&hellip;]<\/p>\n","protected":false},"author":1,"featured_media":0,"parent":0,"menu_order":0,"comment_status":"closed","ping_status":"closed","template":"","meta":{"ocean_post_layout":"","ocean_both_sidebars_style":"","ocean_both_sidebars_content_width":0,"ocean_both_sidebars_sidebars_width":0,"ocean_sidebar":"","ocean_second_sidebar":"","ocean_disable_margins":"enable","ocean_add_body_class":"","ocean_shortcode_before_top_bar":"","ocean_shortcode_after_top_bar":"","ocean_shortcode_before_header":"","ocean_shortcode_after_header":"","ocean_has_shortcode":"","ocean_shortcode_after_title":"","ocean_shortcode_before_footer_widgets":"","ocean_shortcode_after_footer_widgets":"","ocean_shortcode_before_footer_bottom":"","ocean_shortcode_after_footer_bottom":"","ocean_display_top_bar":"default","ocean_display_header":"default","ocean_header_style":"","ocean_center_header_left_menu":"","ocean_custom_header_template":"","ocean_custom_logo":0,"ocean_custom_retina_logo":0,"ocean_custom_logo_max_width":0,"ocean_custom_logo_tablet_max_width":0,"ocean_custom_logo_mobile_max_width":0,"ocean_custom_logo_max_height":0,"ocean_custom_logo_tablet_max_height":0,"ocean_custom_logo_mobile_max_height":0,"ocean_header_custom_menu":"","ocean_menu_typo_font_family":"","ocean_menu_typo_font_subset":"","ocean_menu_typo_font_size":0,"ocean_menu_typo_font_size_tablet":0,"ocean_menu_typo_font_size_mobile":0,"ocean_menu_typo_font_size_unit":"px","ocean_menu_typo_font_weight":"","ocean_menu_typo_font_weight_tablet":"","ocean_menu_typo_font_weight_mobile":"","ocean_menu_typo_transform":"","ocean_menu_typo_transform_tablet":"","ocean_menu_typo_transform_mobile":"","ocean_menu_typo_line_height":0,"ocean_menu_typo_line_height_tablet":0,"ocean_menu_typo_line_height_mobile":0,"ocean_menu_typo_line_height_unit":"","ocean_menu_typo_spacing":0,"ocean_menu_typo_spacing_tablet":0,"ocean_menu_typo_spacing_mobile":0,"ocean_menu_typo_spacing_unit":"","ocean_menu_link_color":"","ocean_menu_link_color_hover":"","ocean_menu_link_color_active":"","ocean_menu_link_background":"","ocean_menu_link_hover_background":"","ocean_menu_link_active_background":"","ocean_menu_social_links_bg":"","ocean_menu_social_hover_links_bg":"","ocean_menu_social_links_color":"","ocean_menu_social_hover_links_color":"","ocean_disable_title":"default","ocean_disable_heading":"default","ocean_post_title":"","ocean_post_subheading":"","ocean_post_title_style":"","ocean_post_title_background_color":"","ocean_post_title_background":0,"ocean_post_title_bg_image_position":"","ocean_post_title_bg_image_attachment":"","ocean_post_title_bg_image_repeat":"","ocean_post_title_bg_image_size":"","ocean_post_title_height":0,"ocean_post_title_bg_overlay":0.5,"ocean_post_title_bg_overlay_color":"","ocean_disable_breadcrumbs":"default","ocean_breadcrumbs_color":"","ocean_breadcrumbs_separator_color":"","ocean_breadcrumbs_links_color":"","ocean_breadcrumbs_links_hover_color":"","ocean_display_footer_widgets":"default","ocean_display_footer_bottom":"default","ocean_custom_footer_template":"","footnotes":""},"class_list":["post-3","page","type-page","status-publish","hentry","entry"],"yoast_head":"<!-- This site is optimized with the Yoast SEO plugin v27.5 - https:\/\/yoast.com\/product\/yoast-seo-wordpress\/ -->\n<title>Politique de confidentialit\u00e9 - Nelly Prevot Kin&eacute;siologue<\/title>\n<meta name=\"robots\" content=\"index, follow, max-snippet:-1, max-image-preview:large, max-video-preview:-1\" \/>\n<link rel=\"canonical\" href=\"https:\/\/nellykinesiologie.fr\/index.php\/politique-de-confidentialite\/\" \/>\n<meta property=\"og:locale\" content=\"fr_FR\" \/>\n<meta property=\"og:type\" content=\"article\" \/>\n<meta property=\"og:title\" content=\"Politique de confidentialit\u00e9 - Nelly Prevot Kin&eacute;siologue\" \/>\n<meta property=\"og:description\" content=\"1 \u2013 \u00c9dition du site En vertu de&nbsp;l\u2019article 6 de la loi n\u00b0 2004-575 du 21 juin 2004&nbsp;pour la confiance dans l\u2019\u00e9conomie num\u00e9rique, il est pr\u00e9cis\u00e9 aux utilisateurs du site internet&nbsp;https:\/\/nellykinesiologie.fr l\u2019identit\u00e9 des diff\u00e9rents intervenants dans le cadre de sa r\u00e9alisation et de son suivi: Propri\u00e9taire du site : Nelly PREVOT EI\u2013 Contact : nelly.kinesiologie@gmail.com&nbsp;0788539783&nbsp;\u2013 [&hellip;]\" \/>\n<meta property=\"og:url\" content=\"https:\/\/nellykinesiologie.fr\/index.php\/politique-de-confidentialite\/\" \/>\n<meta property=\"og:site_name\" content=\"Nelly Prevot Kin&eacute;siologue\" \/>\n<meta property=\"article:modified_time\" content=\"2024-03-20T09:51:50+00:00\" \/>\n<meta name=\"twitter:card\" content=\"summary_large_image\" \/>\n<meta name=\"twitter:label1\" content=\"Dur\u00e9e de lecture estim\u00e9e\" \/>\n\t<meta name=\"twitter:data1\" content=\"4 minutes\" \/>\n<script type=\"application\/ld+json\" class=\"yoast-schema-graph\">{\"@context\":\"https:\\\/\\\/schema.org\",\"@graph\":[{\"@type\":\"WebPage\",\"@id\":\"https:\\\/\\\/nellykinesiologie.fr\\\/index.php\\\/politique-de-confidentialite\\\/\",\"url\":\"https:\\\/\\\/nellykinesiologie.fr\\\/index.php\\\/politique-de-confidentialite\\\/\",\"name\":\"Politique de confidentialit\u00e9 - Nelly Prevot Kin&eacute;siologue\",\"isPartOf\":{\"@id\":\"https:\\\/\\\/nellykinesiologie.fr\\\/#website\"},\"datePublished\":\"2024-02-05T17:10:02+00:00\",\"dateModified\":\"2024-03-20T09:51:50+00:00\",\"breadcrumb\":{\"@id\":\"https:\\\/\\\/nellykinesiologie.fr\\\/index.php\\\/politique-de-confidentialite\\\/#breadcrumb\"},\"inLanguage\":\"fr-FR\",\"potentialAction\":[{\"@type\":\"ReadAction\",\"target\":[\"https:\\\/\\\/nellykinesiologie.fr\\\/index.php\\\/politique-de-confidentialite\\\/\"]}]},{\"@type\":\"BreadcrumbList\",\"@id\":\"https:\\\/\\\/nellykinesiologie.fr\\\/index.php\\\/politique-de-confidentialite\\\/#breadcrumb\",\"itemListElement\":[{\"@type\":\"ListItem\",\"position\":1,\"name\":\"Accueil\",\"item\":\"https:\\\/\\\/nellykinesiologie.fr\\\/\"},{\"@type\":\"ListItem\",\"position\":2,\"name\":\"Politique de confidentialit\u00e9\"}]},{\"@type\":\"WebSite\",\"@id\":\"https:\\\/\\\/nellykinesiologie.fr\\\/#website\",\"url\":\"https:\\\/\\\/nellykinesiologie.fr\\\/\",\"name\":\"Nelly Prevot Kin&eacute;siologue\",\"description\":\"Sant&eacute; et bien &ecirc;tre au quotidien\",\"publisher\":{\"@id\":\"https:\\\/\\\/nellykinesiologie.fr\\\/#organization\"},\"potentialAction\":[{\"@type\":\"SearchAction\",\"target\":{\"@type\":\"EntryPoint\",\"urlTemplate\":\"https:\\\/\\\/nellykinesiologie.fr\\\/?s={search_term_string}\"},\"query-input\":{\"@type\":\"PropertyValueSpecification\",\"valueRequired\":true,\"valueName\":\"search_term_string\"}}],\"inLanguage\":\"fr-FR\"},{\"@type\":\"Organization\",\"@id\":\"https:\\\/\\\/nellykinesiologie.fr\\\/#organization\",\"name\":\"Nelly Prevot Kin&eacute;siologue\",\"url\":\"https:\\\/\\\/nellykinesiologie.fr\\\/\",\"logo\":{\"@type\":\"ImageObject\",\"inLanguage\":\"fr-FR\",\"@id\":\"https:\\\/\\\/nellykinesiologie.fr\\\/#\\\/schema\\\/logo\\\/image\\\/\",\"url\":\"https:\\\/\\\/nellykinesiologie.fr\\\/wp-content\\\/uploads\\\/2024\\\/03\\\/cropped-cropped-logo_nelly-1.jpg\",\"contentUrl\":\"https:\\\/\\\/nellykinesiologie.fr\\\/wp-content\\\/uploads\\\/2024\\\/03\\\/cropped-cropped-logo_nelly-1.jpg\",\"width\":606,\"height\":516,\"caption\":\"Nelly Prevot Kin&eacute;siologue\"},\"image\":{\"@id\":\"https:\\\/\\\/nellykinesiologie.fr\\\/#\\\/schema\\\/logo\\\/image\\\/\"}}]}<\/script>\n<!-- \/ Yoast SEO plugin. -->","yoast_head_json":{"title":"Politique de confidentialit\u00e9 - Nelly Prevot Kin&eacute;siologue","robots":{"index":"index","follow":"follow","max-snippet":"max-snippet:-1","max-image-preview":"max-image-preview:large","max-video-preview":"max-video-preview:-1"},"canonical":"https:\/\/nellykinesiologie.fr\/index.php\/politique-de-confidentialite\/","og_locale":"fr_FR","og_type":"article","og_title":"Politique de confidentialit\u00e9 - Nelly Prevot Kin&eacute;siologue","og_description":"1 \u2013 \u00c9dition du site En vertu de&nbsp;l\u2019article 6 de la loi n\u00b0 2004-575 du 21 juin 2004&nbsp;pour la confiance dans l\u2019\u00e9conomie num\u00e9rique, il est pr\u00e9cis\u00e9 aux utilisateurs du site internet&nbsp;https:\/\/nellykinesiologie.fr l\u2019identit\u00e9 des diff\u00e9rents intervenants dans le cadre de sa r\u00e9alisation et de son suivi: Propri\u00e9taire du site : Nelly PREVOT EI\u2013 Contact : nelly.kinesiologie@gmail.com&nbsp;0788539783&nbsp;\u2013 [&hellip;]","og_url":"https:\/\/nellykinesiologie.fr\/index.php\/politique-de-confidentialite\/","og_site_name":"Nelly Prevot Kin&eacute;siologue","article_modified_time":"2024-03-20T09:51:50+00:00","twitter_card":"summary_large_image","twitter_misc":{"Dur\u00e9e de lecture estim\u00e9e":"4 minutes"},"schema":{"@context":"https:\/\/schema.org","@graph":[{"@type":"WebPage","@id":"https:\/\/nellykinesiologie.fr\/index.php\/politique-de-confidentialite\/","url":"https:\/\/nellykinesiologie.fr\/index.php\/politique-de-confidentialite\/","name":"Politique de confidentialit\u00e9 - Nelly Prevot Kin&eacute;siologue","isPartOf":{"@id":"https:\/\/nellykinesiologie.fr\/#website"},"datePublished":"2024-02-05T17:10:02+00:00","dateModified":"2024-03-20T09:51:50+00:00","breadcrumb":{"@id":"https:\/\/nellykinesiologie.fr\/index.php\/politique-de-confidentialite\/#breadcrumb"},"inLanguage":"fr-FR","potentialAction":[{"@type":"ReadAction","target":["https:\/\/nellykinesiologie.fr\/index.php\/politique-de-confidentialite\/"]}]},{"@type":"BreadcrumbList","@id":"https:\/\/nellykinesiologie.fr\/index.php\/politique-de-confidentialite\/#breadcrumb","itemListElement":[{"@type":"ListItem","position":1,"name":"Accueil","item":"https:\/\/nellykinesiologie.fr\/"},{"@type":"ListItem","position":2,"name":"Politique de confidentialit\u00e9"}]},{"@type":"WebSite","@id":"https:\/\/nellykinesiologie.fr\/#website","url":"https:\/\/nellykinesiologie.fr\/","name":"Nelly Prevot Kin&eacute;siologue","description":"Sant&eacute; et bien &ecirc;tre au quotidien","publisher":{"@id":"https:\/\/nellykinesiologie.fr\/#organization"},"potentialAction":[{"@type":"SearchAction","target":{"@type":"EntryPoint","urlTemplate":"https:\/\/nellykinesiologie.fr\/?s={search_term_string}"},"query-input":{"@type":"PropertyValueSpecification","valueRequired":true,"valueName":"search_term_string"}}],"inLanguage":"fr-FR"},{"@type":"Organization","@id":"https:\/\/nellykinesiologie.fr\/#organization","name":"Nelly Prevot Kin&eacute;siologue","url":"https:\/\/nellykinesiologie.fr\/","logo":{"@type":"ImageObject","inLanguage":"fr-FR","@id":"https:\/\/nellykinesiologie.fr\/#\/schema\/logo\/image\/","url":"https:\/\/nellykinesiologie.fr\/wp-content\/uploads\/2024\/03\/cropped-cropped-logo_nelly-1.jpg","contentUrl":"https:\/\/nellykinesiologie.fr\/wp-content\/uploads\/2024\/03\/cropped-cropped-logo_nelly-1.jpg","width":606,"height":516,"caption":"Nelly Prevot Kin&eacute;siologue"},"image":{"@id":"https:\/\/nellykinesiologie.fr\/#\/schema\/logo\/image\/"}}]}},"_links":{"self":[{"href":"https:\/\/nellykinesiologie.fr\/index.php\/wp-json\/wp\/v2\/pages\/3","targetHints":{"allow":["GET"]}}],"collection":[{"href":"https:\/\/nellykinesiologie.fr\/index.php\/wp-json\/wp\/v2\/pages"}],"about":[{"href":"https:\/\/nellykinesiologie.fr\/index.php\/wp-json\/wp\/v2\/types\/page"}],"author":[{"embeddable":true,"href":"https:\/\/nellykinesiologie.fr\/index.php\/wp-json\/wp\/v2\/users\/1"}],"replies":[{"embeddable":true,"href":"https:\/\/nellykinesiologie.fr\/index.php\/wp-json\/wp\/v2\/comments?post=3"}],"version-history":[{"count":9,"href":"https:\/\/nellykinesiologie.fr\/index.php\/wp-json\/wp\/v2\/pages\/3\/revisions"}],"predecessor-version":[{"id":784,"href":"https:\/\/nellykinesiologie.fr\/index.php\/wp-json\/wp\/v2\/pages\/3\/revisions\/784"}],"wp:attachment":[{"href":"https:\/\/nellykinesiologie.fr\/index.php\/wp-json\/wp\/v2\/media?parent=3"}],"curies":[{"name":"wp","href":"https:\/\/api.w.org\/{rel}","templated":true}]}}